{"id":483,"date":"2024-01-18T19:21:44","date_gmt":"2024-01-18T18:21:44","guid":{"rendered":"https:\/\/www.drorlej.com\/?page_id=483"},"modified":"2024-04-29T10:36:59","modified_gmt":"2024-04-29T08:36:59","slug":"dr-simona-orlej","status":"publish","type":"page","link":"https:\/\/www.drorlej.com\/cs\/dr-simona-orlej\/","title":{"rendered":"Dr. Simona Orlej"},"content":{"rendered":"<div data-elementor-type=\"wp-page\" data-elementor-id=\"483\" class=\"elementor elementor-483\">\n\t\t\t\t<div class=\"elementor-element elementor-element-6173e6a e-flex e-con-boxed e-con e-parent\" data-id=\"6173e6a\" data-element_type=\"container\">\n\t\t\t\t\t<div class=\"e-con-inner\">\n\t\t<div class=\"elementor-element elementor-element-8ae7d6a e-flex e-con-boxed e-con e-child\" data-id=\"8ae7d6a\" data-element_type=\"container\">\n\t\t\t\t\t<div class=\"e-con-inner\">\n\t\t\t\t<div class=\"elementor-element elementor-element-8481494 elementor-widget elementor-widget-image\" data-id=\"8481494\" data-element_type=\"widget\" data-widget_type=\"image.default\">\n\t\t\t\t<div class=\"elementor-widget-container\">\n\t\t\t\t\t\t\t\t\t\t\t\t\t\t\t<img fetchpriority=\"high\" decoding=\"async\" width=\"397\" height=\"599\" src=\"https:\/\/www.drorlej.com\/wp-content\/uploads\/2024\/01\/SimonaOrlej.jpg\" class=\"attachment-full size-full wp-image-398\" alt=\"\" srcset=\"https:\/\/www.drorlej.com\/wp-content\/uploads\/2024\/01\/SimonaOrlej.jpg 397w, https:\/\/www.drorlej.com\/wp-content\/uploads\/2024\/01\/SimonaOrlej-199x300.jpg 199w\" sizes=\"(max-width: 397px) 100vw, 397px\" \/>\t\t\t\t\t\t\t\t\t\t\t\t\t\t\t<\/div>\n\t\t\t\t<\/div>\n\t\t<div class=\"elementor-element elementor-element-13b87fe e-flex e-con-boxed e-con e-child\" data-id=\"13b87fe\" data-element_type=\"container\" data-settings=\"{&quot;background_background&quot;:&quot;classic&quot;}\">\n\t\t\t\t\t<div class=\"e-con-inner\">\n\t\t\t\t<div class=\"elementor-element elementor-element-29f1f2c elementor-widget elementor-widget-heading\" data-id=\"29f1f2c\" data-element_type=\"widget\" data-widget_type=\"heading.default\">\n\t\t\t\t<div class=\"elementor-widget-container\">\n\t\t\t\t\t<h2 class=\"elementor-heading-title elementor-size-default\">Dr. Simona Orlej<\/h2>\t\t\t\t<\/div>\n\t\t\t\t<\/div>\n\t\t\t\t<div class=\"elementor-element elementor-element-27b15c2 elementor-widget elementor-widget-text-editor\" data-id=\"27b15c2\" data-element_type=\"widget\" data-widget_type=\"text-editor.default\">\n\t\t\t\t<div class=\"elementor-widget-container\">\n\t\t\t\t\t\t\t\t\t<p>Dr. Simona Orlej studovala na Univerzit\u011b Karlov\u011b v Praze a obh\u00e1jila magistersk\u00fd titul v oboru v\u0161eobecn\u00e9 zubn\u00ed l\u00e9ka\u0159stv\u00ed. Je certifikovanou zubn\u00ed sp\u00e1nkovou l\u00e9ka\u0159kou a dr\u017eitelkou titulu \u201eInternational Certificant of Dental Sleep Medicine\u201c od Americk\u00e9 Komory Dent\u00e1ln\u00ed Sp\u00e1nkov\u00e9 Medic\u00edny. Dr. Orlej je p\u0159edsedkyn\u00ed \u010cesk\u00e9 akademie dent\u00e1ln\u00ed sp\u00e1nkov\u00e9 medic\u00edny, \u010dlenem Americk\u00e9 akademie dent\u00e1ln\u00ed sp\u00e1nkov\u00e9 medic\u00edny a Evropsk\u00e9 akademie dent\u00e1ln\u00ed sp\u00e1nkov\u00e9 medic\u00edny.\u00a0<span style=\"font-family: var( --e-global-typography-text-font-family ), Sans-serif; font-weight: var( --e-global-typography-text-font-weight ); background-color: rgba(3, 30, 59, 0); font-size: var(--bodyfontsize); letter-spacing: var(--bodyletterspacing); text-transform: var(--bodytexttransform);\">V sou\u010dasn\u00e9 dob\u011b pokra\u010duje v postgradu\u00e1ln\u00edm studiu k z\u00edsk\u00e1n\u00ed titulu \u201eDoktor filozofie\u201c na N\u00e1rodn\u00ed Univerzit\u011b Singapuru, p\u0159i\u010dem\u017e je sou\u010d\u00e1st\u00ed v\u00fdzkumn\u00e9 skupiny sp\u00e1nkov\u00e9 apnoe.<\/span><\/p><p>\u2018Mou v\u00e1\u0161n\u00ed je poskytovat ka\u017ed\u00e9mu z m\u00fdch pacient\u016f l\u00e9\u010dbu na m\u00edru a vid\u011bt je vzkv\u00e9tat a znovu si u\u017e\u00edvat \u017eivota!\u2019<\/p>\t\t\t\t\t\t\t\t<\/div>\n\t\t\t\t<\/div>\n\t\t\t\t\t<\/div>\n\t\t\t\t<\/div>\n\t\t\t\t\t<\/div>\n\t\t\t\t<\/div>\n\t\t\t\t\t<\/div>\n\t\t\t\t<\/div>\n\t\t\t\t<\/div>","protected":false},"excerpt":{"rendered":"<p>Dr. Simona Orlej Dr. Simona Orlej graduated from Charles University in Prague and holds a master&#8217;s degree in general dentistry. She is a board certified dental sleep dentist and holds a title &#8216;International Certificant of Dental Sleep Medicine&#8217; from American Board of Dental Sleep Medicine. Dr. Orlej is a president of Czech Academy of Dental&hellip;&nbsp;<a href=\"https:\/\/www.drorlej.com\/cs\/dr-simona-orlej\/\" class=\"\" rel=\"bookmark\">\u010c\u00edst d\u00e1le &raquo;<span class=\"screen-reader-text\">Dr. Simona Orlej<\/span><\/a><\/p>","protected":false},"author":2,"featured_media":0,"parent":0,"menu_order":0,"comment_status":"closed","ping_status":"closed","template":"page-templates\/template-pagebuilder-full-width.php","meta":{"neve_meta_sidebar":"","neve_meta_container":"","neve_meta_enable_content_width":"","neve_meta_content_width":0,"neve_meta_title_alignment":"","neve_meta_author_avatar":"","neve_post_elements_order":"","neve_meta_disable_header":"","neve_meta_disable_footer":"","neve_meta_disable_title":"","_themeisle_gutenberg_block_has_review":false,"footnotes":""},"class_list":["post-483","page","type-page","status-publish","hentry"],"yoast_head":"<!-- This site is optimized with the Yoast SEO plugin v26.3 - https:\/\/yoast.com\/wordpress\/plugins\/seo\/ -->\n<title>Dr. Simona Orlej - Dr. Orlej<\/title>\n<meta name=\"robots\" content=\"index, follow, max-snippet:-1, max-image-preview:large, max-video-preview:-1\" \/>\n<link rel=\"canonical\" href=\"https:\/\/www.drorlej.com\/cs\/dr-simona-orlej\/\" \/>\n<meta property=\"og:locale\" content=\"cs_CZ\" \/>\n<meta property=\"og:type\" content=\"article\" \/>\n<meta property=\"og:title\" content=\"Dr. Simona Orlej - Dr. Orlej\" \/>\n<meta property=\"og:description\" content=\"Dr. Simona Orlej Dr. Simona Orlej graduated from Charles University in Prague and holds a master&#8217;s degree in general dentistry. She is a board certified dental sleep dentist and holds a title &#8216;International Certificant of Dental Sleep Medicine&#8217; from American Board of Dental Sleep Medicine. Dr. Orlej is a president of Czech Academy of Dental&hellip;&nbsp;\u010c\u00edst d\u00e1le &raquo;Dr. Simona Orlej\" \/>\n<meta property=\"og:url\" content=\"https:\/\/www.drorlej.com\/cs\/dr-simona-orlej\/\" \/>\n<meta property=\"og:site_name\" content=\"Dr. Orlej\" \/>\n<meta property=\"article:publisher\" content=\"https:\/\/www.facebook.com\/drorlej\" \/>\n<meta property=\"article:modified_time\" content=\"2024-04-29T08:36:59+00:00\" \/>\n<meta property=\"og:image\" content=\"https:\/\/www.drorlej.com\/wp-content\/uploads\/2024\/01\/SimonaOrlej.jpg\" \/>\n<meta name=\"twitter:card\" content=\"summary_large_image\" \/>\n<meta name=\"twitter:label1\" content=\"Odhadovan\u00e1 doba \u010dten\u00ed\" \/>\n\t<meta name=\"twitter:data1\" content=\"1 minuta\" \/>\n<script type=\"application\/ld+json\" class=\"yoast-schema-graph\">{\"@context\":\"https:\/\/schema.org\",\"@graph\":[{\"@type\":\"WebPage\",\"@id\":\"https:\/\/www.drorlej.com\/dr-simona-orlej\/\",\"url\":\"https:\/\/www.drorlej.com\/dr-simona-orlej\/\",\"name\":\"Dr. Simona Orlej - Dr. Orlej\",\"isPartOf\":{\"@id\":\"https:\/\/www.drorlej.com\/#website\"},\"primaryImageOfPage\":{\"@id\":\"https:\/\/www.drorlej.com\/dr-simona-orlej\/#primaryimage\"},\"image\":{\"@id\":\"https:\/\/www.drorlej.com\/dr-simona-orlej\/#primaryimage\"},\"thumbnailUrl\":\"https:\/\/www.drorlej.com\/wp-content\/uploads\/2024\/01\/SimonaOrlej.jpg\",\"datePublished\":\"2024-01-18T18:21:44+00:00\",\"dateModified\":\"2024-04-29T08:36:59+00:00\",\"breadcrumb\":{\"@id\":\"https:\/\/www.drorlej.com\/dr-simona-orlej\/#breadcrumb\"},\"inLanguage\":\"cs\",\"potentialAction\":[{\"@type\":\"ReadAction\",\"target\":[\"https:\/\/www.drorlej.com\/dr-simona-orlej\/\"]}]},{\"@type\":\"ImageObject\",\"inLanguage\":\"cs\",\"@id\":\"https:\/\/www.drorlej.com\/dr-simona-orlej\/#primaryimage\",\"url\":\"https:\/\/www.drorlej.com\/wp-content\/uploads\/2024\/01\/SimonaOrlej.jpg\",\"contentUrl\":\"https:\/\/www.drorlej.com\/wp-content\/uploads\/2024\/01\/SimonaOrlej.jpg\"},{\"@type\":\"BreadcrumbList\",\"@id\":\"https:\/\/www.drorlej.com\/dr-simona-orlej\/#breadcrumb\",\"itemListElement\":[{\"@type\":\"ListItem\",\"position\":1,\"name\":\"Home\",\"item\":\"https:\/\/www.drorlej.com\/\"},{\"@type\":\"ListItem\",\"position\":2,\"name\":\"Dr. Simona Orlej\"}]},{\"@type\":\"WebSite\",\"@id\":\"https:\/\/www.drorlej.com\/#website\",\"url\":\"https:\/\/www.drorlej.com\/\",\"name\":\"Dr. Orlej\",\"description\":\"\",\"publisher\":{\"@id\":\"https:\/\/www.drorlej.com\/#organization\"},\"potentialAction\":[{\"@type\":\"SearchAction\",\"target\":{\"@type\":\"EntryPoint\",\"urlTemplate\":\"https:\/\/www.drorlej.com\/?s={search_term_string}\"},\"query-input\":{\"@type\":\"PropertyValueSpecification\",\"valueRequired\":true,\"valueName\":\"search_term_string\"}}],\"inLanguage\":\"cs\"},{\"@type\":\"Organization\",\"@id\":\"https:\/\/www.drorlej.com\/#organization\",\"name\":\"Dr. Orlej\",\"url\":\"https:\/\/www.drorlej.com\/\",\"logo\":{\"@type\":\"ImageObject\",\"inLanguage\":\"cs\",\"@id\":\"https:\/\/www.drorlej.com\/#\/schema\/logo\/image\/\",\"url\":\"https:\/\/www.drorlej.com\/wp-content\/uploads\/2024\/02\/111589283.png\",\"contentUrl\":\"https:\/\/www.drorlej.com\/wp-content\/uploads\/2024\/02\/111589283.png\",\"width\":1320,\"height\":1000,\"caption\":\"Dr. Orlej\"},\"image\":{\"@id\":\"https:\/\/www.drorlej.com\/#\/schema\/logo\/image\/\"},\"sameAs\":[\"https:\/\/www.facebook.com\/drorlej\",\"https:\/\/www.instagram.com\/dr.orlej\/\"]}]}<\/script>\n<!-- \/ Yoast SEO plugin. -->","yoast_head_json":{"title":"Dr. Simona Orlej - Dr. Orlej","robots":{"index":"index","follow":"follow","max-snippet":"max-snippet:-1","max-image-preview":"max-image-preview:large","max-video-preview":"max-video-preview:-1"},"canonical":"https:\/\/www.drorlej.com\/cs\/dr-simona-orlej\/","og_locale":"cs_CZ","og_type":"article","og_title":"Dr. Simona Orlej - Dr. Orlej","og_description":"Dr. Simona Orlej Dr. Simona Orlej graduated from Charles University in Prague and holds a master&#8217;s degree in general dentistry. She is a board certified dental sleep dentist and holds a title &#8216;International Certificant of Dental Sleep Medicine&#8217; from American Board of Dental Sleep Medicine. Dr. Orlej is a president of Czech Academy of Dental&hellip;&nbsp;\u010c\u00edst d\u00e1le &raquo;Dr. Simona Orlej","og_url":"https:\/\/www.drorlej.com\/cs\/dr-simona-orlej\/","og_site_name":"Dr. Orlej","article_publisher":"https:\/\/www.facebook.com\/drorlej","article_modified_time":"2024-04-29T08:36:59+00:00","og_image":[{"url":"https:\/\/www.drorlej.com\/wp-content\/uploads\/2024\/01\/SimonaOrlej.jpg","type":"","width":"","height":""}],"twitter_card":"summary_large_image","twitter_misc":{"Odhadovan\u00e1 doba \u010dten\u00ed":"1 minuta"},"schema":{"@context":"https:\/\/schema.org","@graph":[{"@type":"WebPage","@id":"https:\/\/www.drorlej.com\/dr-simona-orlej\/","url":"https:\/\/www.drorlej.com\/dr-simona-orlej\/","name":"Dr. Simona Orlej - Dr. Orlej","isPartOf":{"@id":"https:\/\/www.drorlej.com\/#website"},"primaryImageOfPage":{"@id":"https:\/\/www.drorlej.com\/dr-simona-orlej\/#primaryimage"},"image":{"@id":"https:\/\/www.drorlej.com\/dr-simona-orlej\/#primaryimage"},"thumbnailUrl":"https:\/\/www.drorlej.com\/wp-content\/uploads\/2024\/01\/SimonaOrlej.jpg","datePublished":"2024-01-18T18:21:44+00:00","dateModified":"2024-04-29T08:36:59+00:00","breadcrumb":{"@id":"https:\/\/www.drorlej.com\/dr-simona-orlej\/#breadcrumb"},"inLanguage":"cs","potentialAction":[{"@type":"ReadAction","target":["https:\/\/www.drorlej.com\/dr-simona-orlej\/"]}]},{"@type":"ImageObject","inLanguage":"cs","@id":"https:\/\/www.drorlej.com\/dr-simona-orlej\/#primaryimage","url":"https:\/\/www.drorlej.com\/wp-content\/uploads\/2024\/01\/SimonaOrlej.jpg","contentUrl":"https:\/\/www.drorlej.com\/wp-content\/uploads\/2024\/01\/SimonaOrlej.jpg"},{"@type":"BreadcrumbList","@id":"https:\/\/www.drorlej.com\/dr-simona-orlej\/#breadcrumb","itemListElement":[{"@type":"ListItem","position":1,"name":"Home","item":"https:\/\/www.drorlej.com\/"},{"@type":"ListItem","position":2,"name":"Dr. Simona Orlej"}]},{"@type":"WebSite","@id":"https:\/\/www.drorlej.com\/#website","url":"https:\/\/www.drorlej.com\/","name":"Dr. Orlej","description":"","publisher":{"@id":"https:\/\/www.drorlej.com\/#organization"},"potentialAction":[{"@type":"SearchAction","target":{"@type":"EntryPoint","urlTemplate":"https:\/\/www.drorlej.com\/?s={search_term_string}"},"query-input":{"@type":"PropertyValueSpecification","valueRequired":true,"valueName":"search_term_string"}}],"inLanguage":"cs"},{"@type":"Organization","@id":"https:\/\/www.drorlej.com\/#organization","name":"Dr. Orlej","url":"https:\/\/www.drorlej.com\/","logo":{"@type":"ImageObject","inLanguage":"cs","@id":"https:\/\/www.drorlej.com\/#\/schema\/logo\/image\/","url":"https:\/\/www.drorlej.com\/wp-content\/uploads\/2024\/02\/111589283.png","contentUrl":"https:\/\/www.drorlej.com\/wp-content\/uploads\/2024\/02\/111589283.png","width":1320,"height":1000,"caption":"Dr. Orlej"},"image":{"@id":"https:\/\/www.drorlej.com\/#\/schema\/logo\/image\/"},"sameAs":["https:\/\/www.facebook.com\/drorlej","https:\/\/www.instagram.com\/dr.orlej\/"]}]}},"_links":{"self":[{"href":"https:\/\/www.drorlej.com\/cs\/wp-json\/wp\/v2\/pages\/483","targetHints":{"allow":["GET"]}}],"collection":[{"href":"https:\/\/www.drorlej.com\/cs\/wp-json\/wp\/v2\/pages"}],"about":[{"href":"https:\/\/www.drorlej.com\/cs\/wp-json\/wp\/v2\/types\/page"}],"author":[{"embeddable":true,"href":"https:\/\/www.drorlej.com\/cs\/wp-json\/wp\/v2\/users\/2"}],"replies":[{"embeddable":true,"href":"https:\/\/www.drorlej.com\/cs\/wp-json\/wp\/v2\/comments?post=483"}],"version-history":[{"count":6,"href":"https:\/\/www.drorlej.com\/cs\/wp-json\/wp\/v2\/pages\/483\/revisions"}],"predecessor-version":[{"id":1091,"href":"https:\/\/www.drorlej.com\/cs\/wp-json\/wp\/v2\/pages\/483\/revisions\/1091"}],"wp:attachment":[{"href":"https:\/\/www.drorlej.com\/cs\/wp-json\/wp\/v2\/media?parent=483"}],"curies":[{"name":"wp","href":"https:\/\/api.w.org\/{rel}","templated":true}]}}