{"id":501,"date":"2024-01-18T20:10:42","date_gmt":"2024-01-18T19:10:42","guid":{"rendered":"https:\/\/www.drorlej.com\/?page_id=501"},"modified":"2024-01-30T08:53:21","modified_gmt":"2024-01-30T07:53:21","slug":"bc-lucie-merhautova","status":"publish","type":"page","link":"https:\/\/www.drorlej.com\/cs\/bc-lucie-merhautova\/","title":{"rendered":"Bc. Lucie Merhautov\u00e1"},"content":{"rendered":"<div data-elementor-type=\"wp-page\" data-elementor-id=\"501\" class=\"elementor elementor-501\">\n\t\t\t\t<div class=\"elementor-element elementor-element-6173e6a e-flex e-con-boxed e-con e-parent\" data-id=\"6173e6a\" data-element_type=\"container\">\n\t\t\t\t\t<div class=\"e-con-inner\">\n\t\t<div class=\"elementor-element elementor-element-8ae7d6a e-flex e-con-boxed e-con e-child\" data-id=\"8ae7d6a\" data-element_type=\"container\">\n\t\t\t\t\t<div class=\"e-con-inner\">\n\t\t\t\t<div class=\"elementor-element elementor-element-8481494 elementor-widget elementor-widget-image\" data-id=\"8481494\" data-element_type=\"widget\" data-widget_type=\"image.default\">\n\t\t\t\t<div class=\"elementor-widget-container\">\n\t\t\t\t\t\t\t\t\t\t\t\t\t\t\t<img fetchpriority=\"high\" decoding=\"async\" width=\"395\" height=\"594\" src=\"https:\/\/www.drorlej.com\/wp-content\/uploads\/2024\/01\/luciemarhautova.jpg\" class=\"attachment-full size-full wp-image-380\" alt=\"\" srcset=\"https:\/\/www.drorlej.com\/wp-content\/uploads\/2024\/01\/luciemarhautova.jpg 395w, https:\/\/www.drorlej.com\/wp-content\/uploads\/2024\/01\/luciemarhautova-199x300.jpg 199w\" sizes=\"(max-width: 395px) 100vw, 395px\" \/>\t\t\t\t\t\t\t\t\t\t\t\t\t\t\t<\/div>\n\t\t\t\t<\/div>\n\t\t<div class=\"elementor-element elementor-element-13b87fe e-flex e-con-boxed e-con e-child\" data-id=\"13b87fe\" data-element_type=\"container\" data-settings=\"{&quot;background_background&quot;:&quot;classic&quot;}\">\n\t\t\t\t\t<div class=\"e-con-inner\">\n\t\t\t\t<div class=\"elementor-element elementor-element-29f1f2c elementor-widget elementor-widget-heading\" data-id=\"29f1f2c\" data-element_type=\"widget\" data-widget_type=\"heading.default\">\n\t\t\t\t<div class=\"elementor-widget-container\">\n\t\t\t\t\t<h2 class=\"elementor-heading-title elementor-size-default\">Bc. Lucie Merhautov\u00e1<\/h2>\t\t\t\t<\/div>\n\t\t\t\t<\/div>\n\t\t\t\t<div class=\"elementor-element elementor-element-27b15c2 elementor-widget elementor-widget-text-editor\" data-id=\"27b15c2\" data-element_type=\"widget\" data-widget_type=\"text-editor.default\">\n\t\t\t\t<div class=\"elementor-widget-container\">\n\t\t\t\t\t\t\t\t\t<p>Bc. Lucie Merhautov\u00e1 vystudovala Univerzitu Karlovu v Praze a m\u00e1 bakal\u00e1\u0159sk\u00fd titul v oboru dent\u00e1ln\u00ed hygiena. V\u00e1\u0161e\u0148 pro zubn\u00ed obor ji p\u0159ivedla k du\u00e1ln\u00edmu vzd\u011bl\u00e1n\u00ed a je proto tak\u00e9 \u0161ikovnou zubn\u00ed techni\u010dkou. Pan\u00ed Merhautov\u00e1 je viceprezidentkou \u010cesk\u00e9 akademie dent\u00e1ln\u00ed sp\u00e1nkov\u00e9 medic\u00edny.<\/p><p>''\u0160\u0165astn\u00e9 a zdrav\u00e9 \u00fasm\u011bvy m\u00fdch pacient\u016f stoj\u00ed v\u00edc ne\u017e tis\u00edc slov.''<\/p>\t\t\t\t\t\t\t\t<\/div>\n\t\t\t\t<\/div>\n\t\t\t\t\t<\/div>\n\t\t\t\t<\/div>\n\t\t\t\t\t<\/div>\n\t\t\t\t<\/div>\n\t\t\t\t\t<\/div>\n\t\t\t\t<\/div>\n\t\t\t\t<\/div>","protected":false},"excerpt":{"rendered":"<p>Bc. Lucie Merhautov\u00e1 Bc. Lucie Merhautov\u00e1 graduated from Charles University in Prague and holds a bachelor degree in dental hygiene. Her passion for dental field led to dual education and she is also a skilled dental technician. Ms Merhautov\u00e1 is a vice-president of Czech Academy of Dental Sleep Medicine. &#8216;A happy &amp; healthy smiles of&hellip;&nbsp;<a href=\"https:\/\/www.drorlej.com\/cs\/bc-lucie-merhautova\/\" class=\"\" rel=\"bookmark\">\u010c\u00edst d\u00e1le &raquo;<span class=\"screen-reader-text\">Bc. Lucie Merhautov\u00e1<\/span><\/a><\/p>","protected":false},"author":2,"featured_media":0,"parent":0,"menu_order":0,"comment_status":"closed","ping_status":"closed","template":"page-templates\/template-pagebuilder-full-width.php","meta":{"neve_meta_sidebar":"","neve_meta_container":"","neve_meta_enable_content_width":"","neve_meta_content_width":0,"neve_meta_title_alignment":"","neve_meta_author_avatar":"","neve_post_elements_order":"","neve_meta_disable_header":"","neve_meta_disable_footer":"","neve_meta_disable_title":"","_themeisle_gutenberg_block_has_review":false,"footnotes":""},"class_list":["post-501","page","type-page","status-publish","hentry"],"yoast_head":"<!-- This site is optimized with the Yoast SEO plugin v26.3 - https:\/\/yoast.com\/wordpress\/plugins\/seo\/ -->\n<title>Bc. Lucie Merhautov\u00e1 - Dr. Orlej<\/title>\n<meta name=\"robots\" content=\"index, follow, max-snippet:-1, max-image-preview:large, max-video-preview:-1\" \/>\n<link rel=\"canonical\" href=\"https:\/\/www.drorlej.com\/cs\/bc-lucie-merhautova\/\" \/>\n<meta property=\"og:locale\" content=\"cs_CZ\" \/>\n<meta property=\"og:type\" content=\"article\" \/>\n<meta property=\"og:title\" content=\"Bc. Lucie Merhautov\u00e1 - Dr. Orlej\" \/>\n<meta property=\"og:description\" content=\"Bc. Lucie Merhautov\u00e1 Bc. Lucie Merhautov\u00e1 graduated from Charles University in Prague and holds a bachelor degree in dental hygiene. Her passion for dental field led to dual education and she is also a skilled dental technician. Ms Merhautov\u00e1 is a vice-president of Czech Academy of Dental Sleep Medicine. &#8216;A happy &amp; healthy smiles of&hellip;&nbsp;\u010c\u00edst d\u00e1le &raquo;Bc. Lucie Merhautov\u00e1\" \/>\n<meta property=\"og:url\" content=\"https:\/\/www.drorlej.com\/cs\/bc-lucie-merhautova\/\" \/>\n<meta property=\"og:site_name\" content=\"Dr. Orlej\" \/>\n<meta property=\"article:publisher\" content=\"https:\/\/www.facebook.com\/drorlej\" \/>\n<meta property=\"article:modified_time\" content=\"2024-01-30T07:53:21+00:00\" \/>\n<meta property=\"og:image\" content=\"https:\/\/www.drorlej.com\/wp-content\/uploads\/2024\/01\/luciemarhautova.jpg\" \/>\n<meta name=\"twitter:card\" content=\"summary_large_image\" \/>\n<meta name=\"twitter:label1\" content=\"Odhadovan\u00e1 doba \u010dten\u00ed\" \/>\n\t<meta name=\"twitter:data1\" content=\"1 minuta\" \/>\n<script type=\"application\/ld+json\" class=\"yoast-schema-graph\">{\"@context\":\"https:\/\/schema.org\",\"@graph\":[{\"@type\":\"WebPage\",\"@id\":\"https:\/\/www.drorlej.com\/bc-lucie-merhautova\/\",\"url\":\"https:\/\/www.drorlej.com\/bc-lucie-merhautova\/\",\"name\":\"Bc. Lucie Merhautov\u00e1 - Dr. Orlej\",\"isPartOf\":{\"@id\":\"https:\/\/www.drorlej.com\/#website\"},\"primaryImageOfPage\":{\"@id\":\"https:\/\/www.drorlej.com\/bc-lucie-merhautova\/#primaryimage\"},\"image\":{\"@id\":\"https:\/\/www.drorlej.com\/bc-lucie-merhautova\/#primaryimage\"},\"thumbnailUrl\":\"https:\/\/www.drorlej.com\/wp-content\/uploads\/2024\/01\/luciemarhautova.jpg\",\"datePublished\":\"2024-01-18T19:10:42+00:00\",\"dateModified\":\"2024-01-30T07:53:21+00:00\",\"breadcrumb\":{\"@id\":\"https:\/\/www.drorlej.com\/bc-lucie-merhautova\/#breadcrumb\"},\"inLanguage\":\"cs\",\"potentialAction\":[{\"@type\":\"ReadAction\",\"target\":[\"https:\/\/www.drorlej.com\/bc-lucie-merhautova\/\"]}]},{\"@type\":\"ImageObject\",\"inLanguage\":\"cs\",\"@id\":\"https:\/\/www.drorlej.com\/bc-lucie-merhautova\/#primaryimage\",\"url\":\"https:\/\/www.drorlej.com\/wp-content\/uploads\/2024\/01\/luciemarhautova.jpg\",\"contentUrl\":\"https:\/\/www.drorlej.com\/wp-content\/uploads\/2024\/01\/luciemarhautova.jpg\"},{\"@type\":\"BreadcrumbList\",\"@id\":\"https:\/\/www.drorlej.com\/bc-lucie-merhautova\/#breadcrumb\",\"itemListElement\":[{\"@type\":\"ListItem\",\"position\":1,\"name\":\"Home\",\"item\":\"https:\/\/www.drorlej.com\/\"},{\"@type\":\"ListItem\",\"position\":2,\"name\":\"Bc. Lucie Merhautov\u00e1\"}]},{\"@type\":\"WebSite\",\"@id\":\"https:\/\/www.drorlej.com\/#website\",\"url\":\"https:\/\/www.drorlej.com\/\",\"name\":\"Dr. Orlej\",\"description\":\"\",\"publisher\":{\"@id\":\"https:\/\/www.drorlej.com\/#organization\"},\"potentialAction\":[{\"@type\":\"SearchAction\",\"target\":{\"@type\":\"EntryPoint\",\"urlTemplate\":\"https:\/\/www.drorlej.com\/?s={search_term_string}\"},\"query-input\":{\"@type\":\"PropertyValueSpecification\",\"valueRequired\":true,\"valueName\":\"search_term_string\"}}],\"inLanguage\":\"cs\"},{\"@type\":\"Organization\",\"@id\":\"https:\/\/www.drorlej.com\/#organization\",\"name\":\"Dr. Orlej\",\"url\":\"https:\/\/www.drorlej.com\/\",\"logo\":{\"@type\":\"ImageObject\",\"inLanguage\":\"cs\",\"@id\":\"https:\/\/www.drorlej.com\/#\/schema\/logo\/image\/\",\"url\":\"https:\/\/www.drorlej.com\/wp-content\/uploads\/2024\/02\/111589283.png\",\"contentUrl\":\"https:\/\/www.drorlej.com\/wp-content\/uploads\/2024\/02\/111589283.png\",\"width\":1320,\"height\":1000,\"caption\":\"Dr. Orlej\"},\"image\":{\"@id\":\"https:\/\/www.drorlej.com\/#\/schema\/logo\/image\/\"},\"sameAs\":[\"https:\/\/www.facebook.com\/drorlej\",\"https:\/\/www.instagram.com\/dr.orlej\/\"]}]}<\/script>\n<!-- \/ Yoast SEO plugin. -->","yoast_head_json":{"title":"Bc. Lucie Merhautov\u00e1 - Dr. Orlej","robots":{"index":"index","follow":"follow","max-snippet":"max-snippet:-1","max-image-preview":"max-image-preview:large","max-video-preview":"max-video-preview:-1"},"canonical":"https:\/\/www.drorlej.com\/cs\/bc-lucie-merhautova\/","og_locale":"cs_CZ","og_type":"article","og_title":"Bc. Lucie Merhautov\u00e1 - Dr. Orlej","og_description":"Bc. Lucie Merhautov\u00e1 Bc. Lucie Merhautov\u00e1 graduated from Charles University in Prague and holds a bachelor degree in dental hygiene. Her passion for dental field led to dual education and she is also a skilled dental technician. Ms Merhautov\u00e1 is a vice-president of Czech Academy of Dental Sleep Medicine. &#8216;A happy &amp; healthy smiles of&hellip;&nbsp;\u010c\u00edst d\u00e1le &raquo;Bc. Lucie Merhautov\u00e1","og_url":"https:\/\/www.drorlej.com\/cs\/bc-lucie-merhautova\/","og_site_name":"Dr. Orlej","article_publisher":"https:\/\/www.facebook.com\/drorlej","article_modified_time":"2024-01-30T07:53:21+00:00","og_image":[{"url":"https:\/\/www.drorlej.com\/wp-content\/uploads\/2024\/01\/luciemarhautova.jpg","type":"","width":"","height":""}],"twitter_card":"summary_large_image","twitter_misc":{"Odhadovan\u00e1 doba \u010dten\u00ed":"1 minuta"},"schema":{"@context":"https:\/\/schema.org","@graph":[{"@type":"WebPage","@id":"https:\/\/www.drorlej.com\/bc-lucie-merhautova\/","url":"https:\/\/www.drorlej.com\/bc-lucie-merhautova\/","name":"Bc. Lucie Merhautov\u00e1 - Dr. Orlej","isPartOf":{"@id":"https:\/\/www.drorlej.com\/#website"},"primaryImageOfPage":{"@id":"https:\/\/www.drorlej.com\/bc-lucie-merhautova\/#primaryimage"},"image":{"@id":"https:\/\/www.drorlej.com\/bc-lucie-merhautova\/#primaryimage"},"thumbnailUrl":"https:\/\/www.drorlej.com\/wp-content\/uploads\/2024\/01\/luciemarhautova.jpg","datePublished":"2024-01-18T19:10:42+00:00","dateModified":"2024-01-30T07:53:21+00:00","breadcrumb":{"@id":"https:\/\/www.drorlej.com\/bc-lucie-merhautova\/#breadcrumb"},"inLanguage":"cs","potentialAction":[{"@type":"ReadAction","target":["https:\/\/www.drorlej.com\/bc-lucie-merhautova\/"]}]},{"@type":"ImageObject","inLanguage":"cs","@id":"https:\/\/www.drorlej.com\/bc-lucie-merhautova\/#primaryimage","url":"https:\/\/www.drorlej.com\/wp-content\/uploads\/2024\/01\/luciemarhautova.jpg","contentUrl":"https:\/\/www.drorlej.com\/wp-content\/uploads\/2024\/01\/luciemarhautova.jpg"},{"@type":"BreadcrumbList","@id":"https:\/\/www.drorlej.com\/bc-lucie-merhautova\/#breadcrumb","itemListElement":[{"@type":"ListItem","position":1,"name":"Home","item":"https:\/\/www.drorlej.com\/"},{"@type":"ListItem","position":2,"name":"Bc. Lucie Merhautov\u00e1"}]},{"@type":"WebSite","@id":"https:\/\/www.drorlej.com\/#website","url":"https:\/\/www.drorlej.com\/","name":"Dr. Orlej","description":"","publisher":{"@id":"https:\/\/www.drorlej.com\/#organization"},"potentialAction":[{"@type":"SearchAction","target":{"@type":"EntryPoint","urlTemplate":"https:\/\/www.drorlej.com\/?s={search_term_string}"},"query-input":{"@type":"PropertyValueSpecification","valueRequired":true,"valueName":"search_term_string"}}],"inLanguage":"cs"},{"@type":"Organization","@id":"https:\/\/www.drorlej.com\/#organization","name":"Dr. Orlej","url":"https:\/\/www.drorlej.com\/","logo":{"@type":"ImageObject","inLanguage":"cs","@id":"https:\/\/www.drorlej.com\/#\/schema\/logo\/image\/","url":"https:\/\/www.drorlej.com\/wp-content\/uploads\/2024\/02\/111589283.png","contentUrl":"https:\/\/www.drorlej.com\/wp-content\/uploads\/2024\/02\/111589283.png","width":1320,"height":1000,"caption":"Dr. Orlej"},"image":{"@id":"https:\/\/www.drorlej.com\/#\/schema\/logo\/image\/"},"sameAs":["https:\/\/www.facebook.com\/drorlej","https:\/\/www.instagram.com\/dr.orlej\/"]}]}},"_links":{"self":[{"href":"https:\/\/www.drorlej.com\/cs\/wp-json\/wp\/v2\/pages\/501","targetHints":{"allow":["GET"]}}],"collection":[{"href":"https:\/\/www.drorlej.com\/cs\/wp-json\/wp\/v2\/pages"}],"about":[{"href":"https:\/\/www.drorlej.com\/cs\/wp-json\/wp\/v2\/types\/page"}],"author":[{"embeddable":true,"href":"https:\/\/www.drorlej.com\/cs\/wp-json\/wp\/v2\/users\/2"}],"replies":[{"embeddable":true,"href":"https:\/\/www.drorlej.com\/cs\/wp-json\/wp\/v2\/comments?post=501"}],"version-history":[{"count":6,"href":"https:\/\/www.drorlej.com\/cs\/wp-json\/wp\/v2\/pages\/501\/revisions"}],"predecessor-version":[{"id":826,"href":"https:\/\/www.drorlej.com\/cs\/wp-json\/wp\/v2\/pages\/501\/revisions\/826"}],"wp:attachment":[{"href":"https:\/\/www.drorlej.com\/cs\/wp-json\/wp\/v2\/media?parent=501"}],"curies":[{"name":"wp","href":"https:\/\/api.w.org\/{rel}","templated":true}]}}