{"id":530,"date":"2024-01-18T23:03:12","date_gmt":"2024-01-18T22:03:12","guid":{"rendered":"https:\/\/www.drorlej.com\/?page_id=530"},"modified":"2024-01-30T08:55:24","modified_gmt":"2024-01-30T07:55:24","slug":"sleep","status":"publish","type":"page","link":"https:\/\/www.drorlej.com\/cs\/sleep\/","title":{"rendered":"Sp\u00e1nek"},"content":{"rendered":"<div data-elementor-type=\"wp-page\" data-elementor-id=\"530\" class=\"elementor elementor-530\">\n\t\t\t\t<div class=\"elementor-element elementor-element-ee46c2f e-flex e-con-boxed e-con e-parent\" data-id=\"ee46c2f\" data-element_type=\"container\" data-settings=\"{&quot;background_background&quot;:&quot;classic&quot;}\">\n\t\t\t\t\t<div class=\"e-con-inner\">\n\t\t<div class=\"elementor-element elementor-element-c3112c2 e-flex e-con-boxed e-con e-child\" data-id=\"c3112c2\" data-element_type=\"container\" data-settings=\"{&quot;background_background&quot;:&quot;classic&quot;}\">\n\t\t\t\t\t<div class=\"e-con-inner\">\n\t\t\t\t<div class=\"elementor-element elementor-element-6b84d17 elementor-widget elementor-widget-heading\" data-id=\"6b84d17\" data-element_type=\"widget\" data-widget_type=\"heading.default\">\n\t\t\t\t<div class=\"elementor-widget-container\">\n\t\t\t\t\t<h2 class=\"elementor-heading-title elementor-size-default\">Sp\u00e1nek<\/h2>\t\t\t\t<\/div>\n\t\t\t\t<\/div>\n\t\t\t\t<div class=\"elementor-element elementor-element-29f0170 elementor-widget__width-initial elementor-widget elementor-widget-text-editor\" data-id=\"29f0170\" data-element_type=\"widget\" data-widget_type=\"text-editor.default\">\n\t\t\t\t<div class=\"elementor-widget-container\">\n\t\t\t\t\t\t\t\t\t<p>Sp\u00e1nek je jedn\u00edm z hlavn\u00edch pil\u00ed\u0159\u016f zdrav\u00ed, hned vedle zdrav\u00e9 stravy a cvi\u010den\u00ed.<br \/>Kvalitn\u00ed sp\u00e1nek a dostatek sp\u00e1nku jsou nezbytn\u00e9 pro spr\u00e1vnou funkci imunitn\u00edho syst\u00e9mu, sn\u00ed\u017een\u00ed z\u00e1n\u011btliv\u00fdch proces\u016f v tele, zlep\u0161en\u00ed koncentrace a produktivity, udr\u017een\u00ed du\u0161evn\u00edho zdrav\u00ed, mozkov\u00fdch funkc\u00ed, plodnosti, udr\u017een\u00ed zdrav\u00e9 hmotnosti, srde\u010dn\u00ed \u010dinnosti, z\u00e1\u0159iv\u00e9 pleti a samotn\u00e9 prodlou\u017een\u00ed na\u0161eho \u017eivota!<\/p><p>Nedostatek sp\u00e1nku nebo \u0161patn\u00e1 kvalita sp\u00e1nku mohou b\u00fdt nebezpe\u010dn\u00e9 pro v\u00e1s i ostatn\u00ed.<br \/>Kdy\u017e jste unaven\u00ed, va\u0161e celkov\u00e9 reflexy, schopnost soust\u0159edit se a reak\u010dn\u00ed doba se sni\u017euj\u00ed. Ve skute\u010dnosti je t\u011b\u017ek\u00e1 sp\u00e1nkov\u00e1 deprivace srovnateln\u00e1 s nadm\u011brnou konzumac\u00ed alkoholu.<br \/>Riziko dopravn\u00ed nehody se v\u00fdrazn\u011b zvy\u0161uje s ka\u017edou hodinou ztracen\u00e9ho sp\u00e1nku. Krom\u011b zv\u00fd\u0161en\u00fdch rizik spojen\u00fdch s \u0159\u00edzen\u00edm m\u016f\u017ee nedostatek sp\u00e1nku tak\u00e9 zv\u00fd\u0161it riziko zran\u011bn\u00ed a chyb na pracovi\u0161ti.<\/p>\t\t\t\t\t\t\t\t<\/div>\n\t\t\t\t<\/div>\n\t\t\t\t<div class=\"elementor-element elementor-element-0ee5ef5 elementor-widget elementor-widget-heading\" data-id=\"0ee5ef5\" data-element_type=\"widget\" data-widget_type=\"heading.default\">\n\t\t\t\t<div class=\"elementor-widget-container\">\n\t\t\t\t\t<h2 class=\"elementor-heading-title elementor-size-default\">Kolik sp\u00e1nku pot\u0159ebujeme?<\/h2>\t\t\t\t<\/div>\n\t\t\t\t<\/div>\n\t\t\t\t<div class=\"elementor-element elementor-element-68cea78 elementor-widget elementor-widget-image\" data-id=\"68cea78\" data-element_type=\"widget\" data-widget_type=\"image.default\">\n\t\t\t\t<div class=\"elementor-widget-container\">\n\t\t\t\t\t\t\t\t\t\t\t\t\t\t\t<img fetchpriority=\"high\" decoding=\"async\" width=\"850\" height=\"400\" src=\"https:\/\/www.drorlej.com\/wp-content\/uploads\/2024\/01\/cq5DUp3KDf.jpg\" class=\"attachment-large size-large wp-image-544\" alt=\"\" srcset=\"https:\/\/www.drorlej.com\/wp-content\/uploads\/2024\/01\/cq5DUp3KDf.jpg 1403w, https:\/\/www.drorlej.com\/wp-content\/uploads\/2024\/01\/cq5DUp3KDf-300x140.jpg 300w, https:\/\/www.drorlej.com\/wp-content\/uploads\/2024\/01\/cq5DUp3KDf-1024x478.jpg 1024w, https:\/\/www.drorlej.com\/wp-content\/uploads\/2024\/01\/cq5DUp3KDf-768x359.jpg 768w, https:\/\/www.drorlej.com\/wp-content\/uploads\/2024\/01\/cq5DUp3KDf-18x8.jpg 18w\" sizes=\"(max-width: 850px) 100vw, 850px\" \/>\t\t\t\t\t\t\t\t\t\t\t\t\t\t\t<\/div>\n\t\t\t\t<\/div>\n\t\t\t\t\t<\/div>\n\t\t\t\t<\/div>\n\t\t\t\t\t<\/div>\n\t\t\t\t<\/div>\n\t\t\t\t<\/div>","protected":false},"excerpt":{"rendered":"<p>Sleep Sleep is one of the main health pillars, right beside healthy diet and exercise.A good sleep quality and sufficient sleep quantity are essential for good function of immunity system, reduction of inflammatory processes, improvement of concentration and productivity, maintaining mental health, brain functions, fertility, keeping healthy weight, heart function, glowing skin and prolonging our&hellip;&nbsp;<a href=\"https:\/\/www.drorlej.com\/cs\/sleep\/\" class=\"\" rel=\"bookmark\">\u010c\u00edst d\u00e1le &raquo;<span class=\"screen-reader-text\">Sp\u00e1nek<\/span><\/a><\/p>","protected":false},"author":2,"featured_media":0,"parent":0,"menu_order":0,"comment_status":"closed","ping_status":"closed","template":"page-templates\/template-pagebuilder-full-width.php","meta":{"neve_meta_sidebar":"","neve_meta_container":"","neve_meta_enable_content_width":"","neve_meta_content_width":0,"neve_meta_title_alignment":"","neve_meta_author_avatar":"","neve_post_elements_order":"","neve_meta_disable_header":"","neve_meta_disable_footer":"","neve_meta_disable_title":"","_themeisle_gutenberg_block_has_review":false,"footnotes":""},"class_list":["post-530","page","type-page","status-publish","hentry"],"yoast_head":"<!-- This site is optimized with the Yoast SEO plugin v26.3 - https:\/\/yoast.com\/wordpress\/plugins\/seo\/ -->\n<title>Sleep - Dr. Orlej<\/title>\n<meta name=\"robots\" content=\"index, follow, max-snippet:-1, max-image-preview:large, max-video-preview:-1\" \/>\n<link rel=\"canonical\" href=\"https:\/\/www.drorlej.com\/cs\/sleep\/\" \/>\n<meta property=\"og:locale\" content=\"cs_CZ\" \/>\n<meta property=\"og:type\" content=\"article\" \/>\n<meta property=\"og:title\" content=\"Sleep - Dr. Orlej\" \/>\n<meta property=\"og:description\" content=\"Sleep Sleep is one of the main health pillars, right beside healthy diet and exercise.A good sleep quality and sufficient sleep quantity are essential for good function of immunity system, reduction of inflammatory processes, improvement of concentration and productivity, maintaining mental health, brain functions, fertility, keeping healthy weight, heart function, glowing skin and prolonging our&hellip;&nbsp;\u010c\u00edst d\u00e1le &raquo;Sleep\" \/>\n<meta property=\"og:url\" content=\"https:\/\/www.drorlej.com\/cs\/sleep\/\" \/>\n<meta property=\"og:site_name\" content=\"Dr. Orlej\" \/>\n<meta property=\"article:publisher\" content=\"https:\/\/www.facebook.com\/drorlej\" \/>\n<meta property=\"article:modified_time\" content=\"2024-01-30T07:55:24+00:00\" \/>\n<meta property=\"og:image\" content=\"https:\/\/www.drorlej.com\/wp-content\/uploads\/2024\/01\/the-ideal-length-of-sleep-scientists-know-the-answer.jpg\" \/>\n<meta name=\"twitter:card\" content=\"summary_large_image\" \/>\n<meta name=\"twitter:label1\" content=\"Odhadovan\u00e1 doba \u010dten\u00ed\" \/>\n\t<meta name=\"twitter:data1\" content=\"1 minuta\" \/>\n<script type=\"application\/ld+json\" class=\"yoast-schema-graph\">{\"@context\":\"https:\/\/schema.org\",\"@graph\":[{\"@type\":\"WebPage\",\"@id\":\"https:\/\/www.drorlej.com\/sleep\/\",\"url\":\"https:\/\/www.drorlej.com\/sleep\/\",\"name\":\"Sleep - Dr. Orlej\",\"isPartOf\":{\"@id\":\"https:\/\/www.drorlej.com\/#website\"},\"primaryImageOfPage\":{\"@id\":\"https:\/\/www.drorlej.com\/sleep\/#primaryimage\"},\"image\":{\"@id\":\"https:\/\/www.drorlej.com\/sleep\/#primaryimage\"},\"thumbnailUrl\":\"https:\/\/www.drorlej.com\/wp-content\/uploads\/2024\/01\/the-ideal-length-of-sleep-scientists-know-the-answer.jpg\",\"datePublished\":\"2024-01-18T22:03:12+00:00\",\"dateModified\":\"2024-01-30T07:55:24+00:00\",\"breadcrumb\":{\"@id\":\"https:\/\/www.drorlej.com\/sleep\/#breadcrumb\"},\"inLanguage\":\"cs\",\"potentialAction\":[{\"@type\":\"ReadAction\",\"target\":[\"https:\/\/www.drorlej.com\/sleep\/\"]}]},{\"@type\":\"ImageObject\",\"inLanguage\":\"cs\",\"@id\":\"https:\/\/www.drorlej.com\/sleep\/#primaryimage\",\"url\":\"https:\/\/www.drorlej.com\/wp-content\/uploads\/2024\/01\/the-ideal-length-of-sleep-scientists-know-the-answer.jpg\",\"contentUrl\":\"https:\/\/www.drorlej.com\/wp-content\/uploads\/2024\/01\/the-ideal-length-of-sleep-scientists-know-the-answer.jpg\"},{\"@type\":\"BreadcrumbList\",\"@id\":\"https:\/\/www.drorlej.com\/sleep\/#breadcrumb\",\"itemListElement\":[{\"@type\":\"ListItem\",\"position\":1,\"name\":\"Home\",\"item\":\"https:\/\/www.drorlej.com\/\"},{\"@type\":\"ListItem\",\"position\":2,\"name\":\"Sleep\"}]},{\"@type\":\"WebSite\",\"@id\":\"https:\/\/www.drorlej.com\/#website\",\"url\":\"https:\/\/www.drorlej.com\/\",\"name\":\"Dr. Orlej\",\"description\":\"\",\"publisher\":{\"@id\":\"https:\/\/www.drorlej.com\/#organization\"},\"potentialAction\":[{\"@type\":\"SearchAction\",\"target\":{\"@type\":\"EntryPoint\",\"urlTemplate\":\"https:\/\/www.drorlej.com\/?s={search_term_string}\"},\"query-input\":{\"@type\":\"PropertyValueSpecification\",\"valueRequired\":true,\"valueName\":\"search_term_string\"}}],\"inLanguage\":\"cs\"},{\"@type\":\"Organization\",\"@id\":\"https:\/\/www.drorlej.com\/#organization\",\"name\":\"Dr. Orlej\",\"url\":\"https:\/\/www.drorlej.com\/\",\"logo\":{\"@type\":\"ImageObject\",\"inLanguage\":\"cs\",\"@id\":\"https:\/\/www.drorlej.com\/#\/schema\/logo\/image\/\",\"url\":\"https:\/\/www.drorlej.com\/wp-content\/uploads\/2024\/02\/111589283.png\",\"contentUrl\":\"https:\/\/www.drorlej.com\/wp-content\/uploads\/2024\/02\/111589283.png\",\"width\":1320,\"height\":1000,\"caption\":\"Dr. Orlej\"},\"image\":{\"@id\":\"https:\/\/www.drorlej.com\/#\/schema\/logo\/image\/\"},\"sameAs\":[\"https:\/\/www.facebook.com\/drorlej\",\"https:\/\/www.instagram.com\/dr.orlej\/\"]}]}<\/script>\n<!-- \/ Yoast SEO plugin. -->","yoast_head_json":{"title":"Sleep - Dr. Orlej","robots":{"index":"index","follow":"follow","max-snippet":"max-snippet:-1","max-image-preview":"max-image-preview:large","max-video-preview":"max-video-preview:-1"},"canonical":"https:\/\/www.drorlej.com\/cs\/sleep\/","og_locale":"cs_CZ","og_type":"article","og_title":"Sleep - Dr. Orlej","og_description":"Sleep Sleep is one of the main health pillars, right beside healthy diet and exercise.A good sleep quality and sufficient sleep quantity are essential for good function of immunity system, reduction of inflammatory processes, improvement of concentration and productivity, maintaining mental health, brain functions, fertility, keeping healthy weight, heart function, glowing skin and prolonging our&hellip;&nbsp;\u010c\u00edst d\u00e1le &raquo;Sleep","og_url":"https:\/\/www.drorlej.com\/cs\/sleep\/","og_site_name":"Dr. Orlej","article_publisher":"https:\/\/www.facebook.com\/drorlej","article_modified_time":"2024-01-30T07:55:24+00:00","og_image":[{"url":"https:\/\/www.drorlej.com\/wp-content\/uploads\/2024\/01\/the-ideal-length-of-sleep-scientists-know-the-answer.jpg","type":"","width":"","height":""}],"twitter_card":"summary_large_image","twitter_misc":{"Odhadovan\u00e1 doba \u010dten\u00ed":"1 minuta"},"schema":{"@context":"https:\/\/schema.org","@graph":[{"@type":"WebPage","@id":"https:\/\/www.drorlej.com\/sleep\/","url":"https:\/\/www.drorlej.com\/sleep\/","name":"Sleep - Dr. Orlej","isPartOf":{"@id":"https:\/\/www.drorlej.com\/#website"},"primaryImageOfPage":{"@id":"https:\/\/www.drorlej.com\/sleep\/#primaryimage"},"image":{"@id":"https:\/\/www.drorlej.com\/sleep\/#primaryimage"},"thumbnailUrl":"https:\/\/www.drorlej.com\/wp-content\/uploads\/2024\/01\/the-ideal-length-of-sleep-scientists-know-the-answer.jpg","datePublished":"2024-01-18T22:03:12+00:00","dateModified":"2024-01-30T07:55:24+00:00","breadcrumb":{"@id":"https:\/\/www.drorlej.com\/sleep\/#breadcrumb"},"inLanguage":"cs","potentialAction":[{"@type":"ReadAction","target":["https:\/\/www.drorlej.com\/sleep\/"]}]},{"@type":"ImageObject","inLanguage":"cs","@id":"https:\/\/www.drorlej.com\/sleep\/#primaryimage","url":"https:\/\/www.drorlej.com\/wp-content\/uploads\/2024\/01\/the-ideal-length-of-sleep-scientists-know-the-answer.jpg","contentUrl":"https:\/\/www.drorlej.com\/wp-content\/uploads\/2024\/01\/the-ideal-length-of-sleep-scientists-know-the-answer.jpg"},{"@type":"BreadcrumbList","@id":"https:\/\/www.drorlej.com\/sleep\/#breadcrumb","itemListElement":[{"@type":"ListItem","position":1,"name":"Home","item":"https:\/\/www.drorlej.com\/"},{"@type":"ListItem","position":2,"name":"Sleep"}]},{"@type":"WebSite","@id":"https:\/\/www.drorlej.com\/#website","url":"https:\/\/www.drorlej.com\/","name":"Dr. Orlej","description":"","publisher":{"@id":"https:\/\/www.drorlej.com\/#organization"},"potentialAction":[{"@type":"SearchAction","target":{"@type":"EntryPoint","urlTemplate":"https:\/\/www.drorlej.com\/?s={search_term_string}"},"query-input":{"@type":"PropertyValueSpecification","valueRequired":true,"valueName":"search_term_string"}}],"inLanguage":"cs"},{"@type":"Organization","@id":"https:\/\/www.drorlej.com\/#organization","name":"Dr. Orlej","url":"https:\/\/www.drorlej.com\/","logo":{"@type":"ImageObject","inLanguage":"cs","@id":"https:\/\/www.drorlej.com\/#\/schema\/logo\/image\/","url":"https:\/\/www.drorlej.com\/wp-content\/uploads\/2024\/02\/111589283.png","contentUrl":"https:\/\/www.drorlej.com\/wp-content\/uploads\/2024\/02\/111589283.png","width":1320,"height":1000,"caption":"Dr. Orlej"},"image":{"@id":"https:\/\/www.drorlej.com\/#\/schema\/logo\/image\/"},"sameAs":["https:\/\/www.facebook.com\/drorlej","https:\/\/www.instagram.com\/dr.orlej\/"]}]}},"_links":{"self":[{"href":"https:\/\/www.drorlej.com\/cs\/wp-json\/wp\/v2\/pages\/530","targetHints":{"allow":["GET"]}}],"collection":[{"href":"https:\/\/www.drorlej.com\/cs\/wp-json\/wp\/v2\/pages"}],"about":[{"href":"https:\/\/www.drorlej.com\/cs\/wp-json\/wp\/v2\/types\/page"}],"author":[{"embeddable":true,"href":"https:\/\/www.drorlej.com\/cs\/wp-json\/wp\/v2\/users\/2"}],"replies":[{"embeddable":true,"href":"https:\/\/www.drorlej.com\/cs\/wp-json\/wp\/v2\/comments?post=530"}],"version-history":[{"count":6,"href":"https:\/\/www.drorlej.com\/cs\/wp-json\/wp\/v2\/pages\/530\/revisions"}],"predecessor-version":[{"id":859,"href":"https:\/\/www.drorlej.com\/cs\/wp-json\/wp\/v2\/pages\/530\/revisions\/859"}],"wp:attachment":[{"href":"https:\/\/www.drorlej.com\/cs\/wp-json\/wp\/v2\/media?parent=530"}],"curies":[{"name":"wp","href":"https:\/\/api.w.org\/{rel}","templated":true}]}}