{"id":581,"date":"2024-01-19T09:53:52","date_gmt":"2024-01-19T08:53:52","guid":{"rendered":"https:\/\/www.drorlej.com\/?page_id=581"},"modified":"2024-04-29T10:41:00","modified_gmt":"2024-04-29T08:41:00","slug":"screening","status":"publish","type":"page","link":"https:\/\/www.drorlej.com\/cs\/screening\/","title":{"rendered":"Skr\u00edning"},"content":{"rendered":"<div data-elementor-type=\"wp-page\" data-elementor-id=\"581\" class=\"elementor elementor-581\">\n\t\t\t\t<div class=\"elementor-element elementor-element-6173e6a e-flex e-con-boxed e-con e-parent\" data-id=\"6173e6a\" data-element_type=\"container\">\n\t\t\t\t\t<div class=\"e-con-inner\">\n\t\t<div class=\"elementor-element elementor-element-07b0c07 e-flex e-con-boxed e-con e-child\" data-id=\"07b0c07\" data-element_type=\"container\">\n\t\t\t\t\t<div class=\"e-con-inner\">\n\t\t<div class=\"elementor-element elementor-element-b305bc6 e-flex e-con-boxed e-con e-child\" data-id=\"b305bc6\" data-element_type=\"container\" data-settings=\"{&quot;background_background&quot;:&quot;classic&quot;}\">\n\t\t\t\t\t<div class=\"e-con-inner\">\n\t\t\t\t<div class=\"elementor-element elementor-element-559ca0c elementor-widget elementor-widget-heading\" data-id=\"559ca0c\" data-element_type=\"widget\" data-widget_type=\"heading.default\">\n\t\t\t\t<div class=\"elementor-widget-container\">\n\t\t\t\t\t<h2 class=\"elementor-heading-title elementor-size-default\">Skr\u00edning<\/h2>\t\t\t\t<\/div>\n\t\t\t\t<\/div>\n\t\t\t\t<div class=\"elementor-element elementor-element-d4fbbe6 elementor-widget elementor-widget-text-editor\" data-id=\"d4fbbe6\" data-element_type=\"widget\" data-widget_type=\"text-editor.default\">\n\t\t\t\t<div class=\"elementor-widget-container\">\n\t\t\t\t\t\t\t\t\t<p>Celosv\u011btov\u00e1 se prevalence obstruk\u010dn\u00ed sp\u00e1nkov\u00e9 apnoe (OSA) odhaduje na 1 miliardu lid\u00ed.\u00a0<\/p><p>Nediagnostikovan\u00e1 sp\u00e1nkov\u00e1 apnoe je nemysliteln\u00fdch 93 % u \u017een a 82 % u mu\u017e\u016f.<\/p><p>Va\u0161e zdrav\u00ed je na\u0161\u00ed nejvy\u0161\u0161\u00ed prioritou, proto prov\u00e1d\u00edme skr\u00edning, kter\u00fd n\u00e1m pom\u016f\u017ee zjistit, zda m\u00e1te vy\u0161\u0161\u00ed riziko sp\u00e1nkov\u00e9 apnoe nebo zda jsou va\u0161e p\u0159\u00edznaky pravd\u011bpodobn\u011bji z jin\u00e9ho d\u016fvodu. Skr\u00edning OSA se prov\u00e1d\u00ed pomoc\u00ed dotazn\u00edk\u016f, kter\u00e9 se zam\u011b\u0159uj\u00ed na hlavn\u00ed p\u0159\u00edznaky OSA. Kdy\u017e je OSA nakonec diagnostikov\u00e1na, l\u00e9\u010dba m\u016f\u017ee v\u00fdrazn\u011b zlep\u0161it kvalitu sp\u00e1nku a celkov\u00e9 zdrav\u00ed. V\u010dasn\u00e9 \u0159e\u0161en\u00ed sp\u00e1nkov\u00e9 apnoe m\u016f\u017ee pomoci p\u0159edej\u00edt \u0159ad\u011b souvisej\u00edc\u00edch zdravotn\u00edch pot\u00ed\u017e\u00ed.<\/p><p>Pokud m\u00e1te podez\u0159en\u00ed, \u017ee vy nebo va\u0161i bl\u00edzc\u00ed m\u016f\u017eete trp\u011bt sp\u00e1nkovou apnoe, kontaktujte n\u00e1s a napl\u00e1nujte si online screening sp\u00e1nkov\u00e9 apnoe.<\/p>\t\t\t\t\t\t\t\t<\/div>\n\t\t\t\t<\/div>\n\t\t\t\t\t<\/div>\n\t\t\t\t<\/div>\n\t\t\t\t\t<\/div>\n\t\t\t\t<\/div>\n\t\t<div class=\"elementor-element elementor-element-c0d3ced e-flex e-con-boxed e-con e-child\" data-id=\"c0d3ced\" data-element_type=\"container\">\n\t\t\t\t\t<div class=\"e-con-inner\">\n\t\t<div class=\"elementor-element elementor-element-0d701a2 e-flex e-con-boxed e-con e-child\" data-id=\"0d701a2\" data-element_type=\"container\" data-settings=\"{&quot;background_background&quot;:&quot;classic&quot;}\">\n\t\t\t\t\t<div class=\"e-con-inner\">\n\t\t\t\t<div class=\"elementor-element elementor-element-1c626a2 elementor-widget elementor-widget-heading\" data-id=\"1c626a2\" data-element_type=\"widget\" data-widget_type=\"heading.default\">\n\t\t\t\t<div class=\"elementor-widget-container\">\n\t\t\t\t\t<h2 class=\"elementor-heading-title elementor-size-default\">Skr\u00edningov\u00e9 Dotazn\u00edky<\/h2>\t\t\t\t<\/div>\n\t\t\t\t<\/div>\n\t\t<div class=\"elementor-element elementor-element-f0d27a0 e-flex e-con-boxed e-con e-child\" data-id=\"f0d27a0\" data-element_type=\"container\" data-no-translation=\"\">\n\t\t\t\t\t<div class=\"e-con-inner\">\n\t\t\t\t<div class=\"elementor-element elementor-element-dd35c32 elementor-widget__width-auto elementor-widget elementor-widget-image\" data-id=\"dd35c32\" data-element_type=\"widget\" data-widget_type=\"image.default\">\n\t\t\t\t<div class=\"elementor-widget-container\">\n\t\t\t\t\t\t\t\t\t\t\t\t\t\t\t\t<a href=\"https:\/\/www.drorlej.com\/wp-content\/uploads\/2024\/02\/SBQ_CZ-1.png\" data-elementor-open-lightbox=\"yes\" data-e-action-hash=\"#elementor-action%3Aaction%3Dlightbox%26settings%3DeyJpZCI6OTc1LCJ1cmwiOiJodHRwczpcL1wvd3d3LmRyb3JsZWouY29tXC93cC1jb250ZW50XC91cGxvYWRzXC8yMDI0XC8wMlwvU0JRX0NaLTEucG5nIn0%3D\">\n\t\t\t\t\t\t\t<img fetchpriority=\"high\" decoding=\"async\" width=\"724\" height=\"1024\" src=\"https:\/\/www.drorlej.com\/wp-content\/uploads\/2024\/02\/SBQ_CZ-1-724x1024.png\" class=\"attachment-large size-large wp-image-975\" alt=\"\" srcset=\"https:\/\/www.drorlej.com\/wp-content\/uploads\/2024\/02\/SBQ_CZ-1-724x1024.png 724w, https:\/\/www.drorlej.com\/wp-content\/uploads\/2024\/02\/SBQ_CZ-1-212x300.png 212w, https:\/\/www.drorlej.com\/wp-content\/uploads\/2024\/02\/SBQ_CZ-1-768x1087.png 768w, https:\/\/www.drorlej.com\/wp-content\/uploads\/2024\/02\/SBQ_CZ-1-1086x1536.png 1086w, https:\/\/www.drorlej.com\/wp-content\/uploads\/2024\/02\/SBQ_CZ-1-1447x2048.png 1447w, https:\/\/www.drorlej.com\/wp-content\/uploads\/2024\/02\/SBQ_CZ-1-8x12.png 8w, https:\/\/www.drorlej.com\/wp-content\/uploads\/2024\/02\/SBQ_CZ-1.png 1653w\" sizes=\"(max-width: 724px) 100vw, 724px\" \/>\t\t\t\t\t\t\t\t<\/a>\n\t\t\t\t\t\t\t\t\t\t\t\t\t\t\t<\/div>\n\t\t\t\t<\/div>\n\t\t\t\t<div class=\"elementor-element elementor-element-27a365b elementor-widget__width-auto elementor-widget elementor-widget-image\" data-id=\"27a365b\" data-element_type=\"widget\" data-widget_type=\"image.default\">\n\t\t\t\t<div class=\"elementor-widget-container\">\n\t\t\t\t\t\t\t\t\t\t\t\t\t\t\t\t<a href=\"https:\/\/www.drorlej.com\/wp-content\/uploads\/2024\/02\/ESS_CZ-1.png\" data-elementor-open-lightbox=\"yes\" data-e-action-hash=\"#elementor-action%3Aaction%3Dlightbox%26settings%3DeyJpZCI6OTc2LCJ1cmwiOiJodHRwczpcL1wvd3d3LmRyb3JsZWouY29tXC93cC1jb250ZW50XC91cGxvYWRzXC8yMDI0XC8wMlwvRVNTX0NaLTEucG5nIn0%3D\">\n\t\t\t\t\t\t\t<img decoding=\"async\" width=\"1024\" height=\"724\" src=\"https:\/\/www.drorlej.com\/wp-content\/uploads\/2024\/02\/ESS_CZ-1-1024x724.png\" class=\"attachment-large size-large wp-image-976\" alt=\"\" srcset=\"https:\/\/www.drorlej.com\/wp-content\/uploads\/2024\/02\/ESS_CZ-1-1024x724.png 1024w, https:\/\/www.drorlej.com\/wp-content\/uploads\/2024\/02\/ESS_CZ-1-300x212.png 300w, https:\/\/www.drorlej.com\/wp-content\/uploads\/2024\/02\/ESS_CZ-1-768x543.png 768w, https:\/\/www.drorlej.com\/wp-content\/uploads\/2024\/02\/ESS_CZ-1-1536x1086.png 1536w, https:\/\/www.drorlej.com\/wp-content\/uploads\/2024\/02\/ESS_CZ-1-2048x1447.png 2048w, https:\/\/www.drorlej.com\/wp-content\/uploads\/2024\/02\/ESS_CZ-1-18x12.png 18w\" sizes=\"(max-width: 1024px) 100vw, 1024px\" \/>\t\t\t\t\t\t\t\t<\/a>\n\t\t\t\t\t\t\t\t\t\t\t\t\t\t\t<\/div>\n\t\t\t\t<\/div>\n\t\t\t\t\t<\/div>\n\t\t\t\t<\/div>\n\t\t\t\t\t<\/div>\n\t\t\t\t<\/div>\n\t\t\t\t\t<\/div>\n\t\t\t\t<\/div>\n\t\t\t\t\t<\/div>\n\t\t\t\t<\/div>\n\t\t\t\t<\/div>","protected":false},"excerpt":{"rendered":"<p>Screening The global prevalence of obstructive sleep apnoea (OSA) is estimated at 1 billion people.\u00a0 Undiagnosed sleep apnoea rates are an unthinkable 93% for women and 82% in men. Your well-being is our utmost priority. A proper screening will help to identify, if you have higher risk for sleep apnea or if your symptoms are&hellip;&nbsp;<a href=\"https:\/\/www.drorlej.com\/cs\/screening\/\" class=\"\" rel=\"bookmark\">\u010c\u00edst d\u00e1le &raquo;<span class=\"screen-reader-text\">Skr\u00edning<\/span><\/a><\/p>","protected":false},"author":2,"featured_media":0,"parent":0,"menu_order":0,"comment_status":"closed","ping_status":"closed","template":"page-templates\/template-pagebuilder-full-width.php","meta":{"neve_meta_sidebar":"","neve_meta_container":"","neve_meta_enable_content_width":"","neve_meta_content_width":0,"neve_meta_title_alignment":"","neve_meta_author_avatar":"","neve_post_elements_order":"","neve_meta_disable_header":"","neve_meta_disable_footer":"","neve_meta_disable_title":"","_themeisle_gutenberg_block_has_review":false,"footnotes":""},"class_list":["post-581","page","type-page","status-publish","hentry"],"yoast_head":"<!-- This site is optimized with the Yoast SEO plugin v26.3 - https:\/\/yoast.com\/wordpress\/plugins\/seo\/ -->\n<title>Screening - Dr. Orlej<\/title>\n<meta name=\"robots\" content=\"index, follow, max-snippet:-1, max-image-preview:large, max-video-preview:-1\" \/>\n<link rel=\"canonical\" href=\"https:\/\/www.drorlej.com\/cs\/screening\/\" \/>\n<meta property=\"og:locale\" content=\"cs_CZ\" \/>\n<meta property=\"og:type\" content=\"article\" \/>\n<meta property=\"og:title\" content=\"Screening - Dr. Orlej\" \/>\n<meta property=\"og:description\" content=\"Screening The global prevalence of obstructive sleep apnoea (OSA) is estimated at 1 billion people.\u00a0 Undiagnosed sleep apnoea rates are an unthinkable 93% for women and 82% in men. Your well-being is our utmost priority. A proper screening will help to identify, if you have higher risk for sleep apnea or if your symptoms are&hellip;&nbsp;\u010c\u00edst d\u00e1le &raquo;Screening\" \/>\n<meta property=\"og:url\" content=\"https:\/\/www.drorlej.com\/cs\/screening\/\" \/>\n<meta property=\"og:site_name\" content=\"Dr. Orlej\" \/>\n<meta property=\"article:publisher\" content=\"https:\/\/www.facebook.com\/drorlej\" \/>\n<meta property=\"article:modified_time\" content=\"2024-04-29T08:41:00+00:00\" \/>\n<meta property=\"og:image\" content=\"https:\/\/www.drorlej.com\/wp-content\/uploads\/2024\/02\/SBQ_AJ-1-724x1024.png\" \/>\n<meta name=\"twitter:card\" content=\"summary_large_image\" \/>\n<meta name=\"twitter:label1\" content=\"Odhadovan\u00e1 doba \u010dten\u00ed\" \/>\n\t<meta name=\"twitter:data1\" content=\"2 minuty\" \/>\n<script type=\"application\/ld+json\" class=\"yoast-schema-graph\">{\"@context\":\"https:\/\/schema.org\",\"@graph\":[{\"@type\":\"WebPage\",\"@id\":\"https:\/\/www.drorlej.com\/screening\/\",\"url\":\"https:\/\/www.drorlej.com\/screening\/\",\"name\":\"Screening - Dr. Orlej\",\"isPartOf\":{\"@id\":\"https:\/\/www.drorlej.com\/#website\"},\"primaryImageOfPage\":{\"@id\":\"https:\/\/www.drorlej.com\/screening\/#primaryimage\"},\"image\":{\"@id\":\"https:\/\/www.drorlej.com\/screening\/#primaryimage\"},\"thumbnailUrl\":\"https:\/\/www.drorlej.com\/wp-content\/uploads\/2024\/02\/SBQ_AJ-1-724x1024.png\",\"datePublished\":\"2024-01-19T08:53:52+00:00\",\"dateModified\":\"2024-04-29T08:41:00+00:00\",\"breadcrumb\":{\"@id\":\"https:\/\/www.drorlej.com\/screening\/#breadcrumb\"},\"inLanguage\":\"cs\",\"potentialAction\":[{\"@type\":\"ReadAction\",\"target\":[\"https:\/\/www.drorlej.com\/screening\/\"]}]},{\"@type\":\"ImageObject\",\"inLanguage\":\"cs\",\"@id\":\"https:\/\/www.drorlej.com\/screening\/#primaryimage\",\"url\":\"https:\/\/www.drorlej.com\/wp-content\/uploads\/2024\/02\/SBQ_AJ-1-724x1024.png\",\"contentUrl\":\"https:\/\/www.drorlej.com\/wp-content\/uploads\/2024\/02\/SBQ_AJ-1-724x1024.png\"},{\"@type\":\"BreadcrumbList\",\"@id\":\"https:\/\/www.drorlej.com\/screening\/#breadcrumb\",\"itemListElement\":[{\"@type\":\"ListItem\",\"position\":1,\"name\":\"Home\",\"item\":\"https:\/\/www.drorlej.com\/\"},{\"@type\":\"ListItem\",\"position\":2,\"name\":\"Screening\"}]},{\"@type\":\"WebSite\",\"@id\":\"https:\/\/www.drorlej.com\/#website\",\"url\":\"https:\/\/www.drorlej.com\/\",\"name\":\"Dr. Orlej\",\"description\":\"\",\"publisher\":{\"@id\":\"https:\/\/www.drorlej.com\/#organization\"},\"potentialAction\":[{\"@type\":\"SearchAction\",\"target\":{\"@type\":\"EntryPoint\",\"urlTemplate\":\"https:\/\/www.drorlej.com\/?s={search_term_string}\"},\"query-input\":{\"@type\":\"PropertyValueSpecification\",\"valueRequired\":true,\"valueName\":\"search_term_string\"}}],\"inLanguage\":\"cs\"},{\"@type\":\"Organization\",\"@id\":\"https:\/\/www.drorlej.com\/#organization\",\"name\":\"Dr. Orlej\",\"url\":\"https:\/\/www.drorlej.com\/\",\"logo\":{\"@type\":\"ImageObject\",\"inLanguage\":\"cs\",\"@id\":\"https:\/\/www.drorlej.com\/#\/schema\/logo\/image\/\",\"url\":\"https:\/\/www.drorlej.com\/wp-content\/uploads\/2024\/02\/111589283.png\",\"contentUrl\":\"https:\/\/www.drorlej.com\/wp-content\/uploads\/2024\/02\/111589283.png\",\"width\":1320,\"height\":1000,\"caption\":\"Dr. Orlej\"},\"image\":{\"@id\":\"https:\/\/www.drorlej.com\/#\/schema\/logo\/image\/\"},\"sameAs\":[\"https:\/\/www.facebook.com\/drorlej\",\"https:\/\/www.instagram.com\/dr.orlej\/\"]}]}<\/script>\n<!-- \/ Yoast SEO plugin. -->","yoast_head_json":{"title":"Screening - Dr. Orlej","robots":{"index":"index","follow":"follow","max-snippet":"max-snippet:-1","max-image-preview":"max-image-preview:large","max-video-preview":"max-video-preview:-1"},"canonical":"https:\/\/www.drorlej.com\/cs\/screening\/","og_locale":"cs_CZ","og_type":"article","og_title":"Screening - Dr. Orlej","og_description":"Screening The global prevalence of obstructive sleep apnoea (OSA) is estimated at 1 billion people.\u00a0 Undiagnosed sleep apnoea rates are an unthinkable 93% for women and 82% in men. Your well-being is our utmost priority. A proper screening will help to identify, if you have higher risk for sleep apnea or if your symptoms are&hellip;&nbsp;\u010c\u00edst d\u00e1le &raquo;Screening","og_url":"https:\/\/www.drorlej.com\/cs\/screening\/","og_site_name":"Dr. Orlej","article_publisher":"https:\/\/www.facebook.com\/drorlej","article_modified_time":"2024-04-29T08:41:00+00:00","og_image":[{"url":"https:\/\/www.drorlej.com\/wp-content\/uploads\/2024\/02\/SBQ_AJ-1-724x1024.png","type":"","width":"","height":""}],"twitter_card":"summary_large_image","twitter_misc":{"Odhadovan\u00e1 doba \u010dten\u00ed":"2 minuty"},"schema":{"@context":"https:\/\/schema.org","@graph":[{"@type":"WebPage","@id":"https:\/\/www.drorlej.com\/screening\/","url":"https:\/\/www.drorlej.com\/screening\/","name":"Screening - Dr. Orlej","isPartOf":{"@id":"https:\/\/www.drorlej.com\/#website"},"primaryImageOfPage":{"@id":"https:\/\/www.drorlej.com\/screening\/#primaryimage"},"image":{"@id":"https:\/\/www.drorlej.com\/screening\/#primaryimage"},"thumbnailUrl":"https:\/\/www.drorlej.com\/wp-content\/uploads\/2024\/02\/SBQ_AJ-1-724x1024.png","datePublished":"2024-01-19T08:53:52+00:00","dateModified":"2024-04-29T08:41:00+00:00","breadcrumb":{"@id":"https:\/\/www.drorlej.com\/screening\/#breadcrumb"},"inLanguage":"cs","potentialAction":[{"@type":"ReadAction","target":["https:\/\/www.drorlej.com\/screening\/"]}]},{"@type":"ImageObject","inLanguage":"cs","@id":"https:\/\/www.drorlej.com\/screening\/#primaryimage","url":"https:\/\/www.drorlej.com\/wp-content\/uploads\/2024\/02\/SBQ_AJ-1-724x1024.png","contentUrl":"https:\/\/www.drorlej.com\/wp-content\/uploads\/2024\/02\/SBQ_AJ-1-724x1024.png"},{"@type":"BreadcrumbList","@id":"https:\/\/www.drorlej.com\/screening\/#breadcrumb","itemListElement":[{"@type":"ListItem","position":1,"name":"Home","item":"https:\/\/www.drorlej.com\/"},{"@type":"ListItem","position":2,"name":"Screening"}]},{"@type":"WebSite","@id":"https:\/\/www.drorlej.com\/#website","url":"https:\/\/www.drorlej.com\/","name":"Dr. Orlej","description":"","publisher":{"@id":"https:\/\/www.drorlej.com\/#organization"},"potentialAction":[{"@type":"SearchAction","target":{"@type":"EntryPoint","urlTemplate":"https:\/\/www.drorlej.com\/?s={search_term_string}"},"query-input":{"@type":"PropertyValueSpecification","valueRequired":true,"valueName":"search_term_string"}}],"inLanguage":"cs"},{"@type":"Organization","@id":"https:\/\/www.drorlej.com\/#organization","name":"Dr. Orlej","url":"https:\/\/www.drorlej.com\/","logo":{"@type":"ImageObject","inLanguage":"cs","@id":"https:\/\/www.drorlej.com\/#\/schema\/logo\/image\/","url":"https:\/\/www.drorlej.com\/wp-content\/uploads\/2024\/02\/111589283.png","contentUrl":"https:\/\/www.drorlej.com\/wp-content\/uploads\/2024\/02\/111589283.png","width":1320,"height":1000,"caption":"Dr. Orlej"},"image":{"@id":"https:\/\/www.drorlej.com\/#\/schema\/logo\/image\/"},"sameAs":["https:\/\/www.facebook.com\/drorlej","https:\/\/www.instagram.com\/dr.orlej\/"]}]}},"_links":{"self":[{"href":"https:\/\/www.drorlej.com\/cs\/wp-json\/wp\/v2\/pages\/581","targetHints":{"allow":["GET"]}}],"collection":[{"href":"https:\/\/www.drorlej.com\/cs\/wp-json\/wp\/v2\/pages"}],"about":[{"href":"https:\/\/www.drorlej.com\/cs\/wp-json\/wp\/v2\/types\/page"}],"author":[{"embeddable":true,"href":"https:\/\/www.drorlej.com\/cs\/wp-json\/wp\/v2\/users\/2"}],"replies":[{"embeddable":true,"href":"https:\/\/www.drorlej.com\/cs\/wp-json\/wp\/v2\/comments?post=581"}],"version-history":[{"count":6,"href":"https:\/\/www.drorlej.com\/cs\/wp-json\/wp\/v2\/pages\/581\/revisions"}],"predecessor-version":[{"id":1103,"href":"https:\/\/www.drorlej.com\/cs\/wp-json\/wp\/v2\/pages\/581\/revisions\/1103"}],"wp:attachment":[{"href":"https:\/\/www.drorlej.com\/cs\/wp-json\/wp\/v2\/media?parent=581"}],"curies":[{"name":"wp","href":"https:\/\/api.w.org\/{rel}","templated":true}]}}