{"id":589,"date":"2024-01-19T10:26:23","date_gmt":"2024-01-19T09:26:23","guid":{"rendered":"https:\/\/www.drorlej.com\/?page_id=589"},"modified":"2024-02-26T14:54:16","modified_gmt":"2024-02-26T13:54:16","slug":"oral-appliance-therapy","status":"publish","type":"page","link":"https:\/\/www.drorlej.com\/cs\/oral-appliance-therapy\/","title":{"rendered":"Terapie Zubn\u00edm Protraktorem"},"content":{"rendered":"<div data-elementor-type=\"wp-page\" data-elementor-id=\"589\" class=\"elementor elementor-589\">\n\t\t\t\t<div class=\"elementor-element elementor-element-6173e6a e-flex e-con-boxed e-con e-parent\" data-id=\"6173e6a\" data-element_type=\"container\">\n\t\t\t\t\t<div class=\"e-con-inner\">\n\t\t<div class=\"elementor-element elementor-element-8ae7d6a e-flex e-con-boxed e-con e-child\" data-id=\"8ae7d6a\" data-element_type=\"container\">\n\t\t\t\t\t<div class=\"e-con-inner\">\n\t\t<div class=\"elementor-element elementor-element-13b87fe e-flex e-con-boxed e-con e-child\" data-id=\"13b87fe\" data-element_type=\"container\" data-settings=\"{&quot;background_background&quot;:&quot;classic&quot;}\">\n\t\t\t\t\t<div class=\"e-con-inner\">\n\t\t\t\t<div class=\"elementor-element elementor-element-29f1f2c elementor-widget elementor-widget-heading\" data-id=\"29f1f2c\" data-element_type=\"widget\" data-widget_type=\"heading.default\">\n\t\t\t\t<div class=\"elementor-widget-container\">\n\t\t\t\t\t<h2 class=\"elementor-heading-title elementor-size-default\">Terapie Zubn\u00edm Protraktorem<\/h2>\t\t\t\t<\/div>\n\t\t\t\t<\/div>\n\t\t\t\t<div class=\"elementor-element elementor-element-27b15c2 elementor-widget elementor-widget-text-editor\" data-id=\"27b15c2\" data-element_type=\"widget\" data-widget_type=\"text-editor.default\">\n\t\t\t\t<div class=\"elementor-widget-container\">\n\t\t\t\t\t\t\t\t\t<p>Protraktor pro chr\u00e1p\u00e1n\u00ed nebo obstruk\u010dn\u00ed sp\u00e1nkovou apnoe je podobn\u00fd sportovn\u00edm zubn\u00edm chr\u00e1ni\u010d\u016fm,  akor\u00e1t jej nos\u00edte v \u00fastech, kdy\u017e sp\u00edte. Kvalifikovan\u00fd sp\u00e1nkov\u00fd zuba\u0159 V\u00e1m nadesignuje protraktor dle Va\u0161ich pot\u0159eb na m\u00edru. Protraktor t\u00e1hne va\u0161i spodn\u00ed \u010delist m\u00edrn\u011b dop\u0159edu, \u010d\u00edm\u017e zv\u011bt\u0161\u00ed prostor v zadn\u00ed \u010d\u00e1sti krku. Vytvo\u0159\u00ed tak m\u00edsto pro jazyk a uvoln\u011bnou m\u011bkkou tk\u00e1\u0148, kter\u00e9 m\u016f\u017eou zp\u016fsobovat obstrukce d\u00fdchac\u00edch cest a br\u00e1n\u00edt v norm\u00e1ln\u00edm d\u00fdch\u00e1n\u00ed.<\/p>\t\t\t\t\t\t\t\t<\/div>\n\t\t\t\t<\/div>\n\t\t\t\t\t<\/div>\n\t\t\t\t<\/div>\n\t\t\t\t<div class=\"elementor-element elementor-element-8481494 elementor-widget elementor-widget-image\" data-id=\"8481494\" data-element_type=\"widget\" data-widget_type=\"image.default\">\n\t\t\t\t<div class=\"elementor-widget-container\">\n\t\t\t\t\t\t\t\t\t\t\t\t\t\t\t<img fetchpriority=\"high\" decoding=\"async\" width=\"471\" height=\"648\" src=\"https:\/\/www.drorlej.com\/wp-content\/uploads\/2024\/01\/3EtKGTAEg5.jpg\" class=\"attachment-large size-large wp-image-592\" alt=\"\" srcset=\"https:\/\/www.drorlej.com\/wp-content\/uploads\/2024\/01\/3EtKGTAEg5.jpg 528w, https:\/\/www.drorlej.com\/wp-content\/uploads\/2024\/01\/3EtKGTAEg5-219x300.jpg 219w, https:\/\/www.drorlej.com\/wp-content\/uploads\/2024\/01\/3EtKGTAEg5-9x12.jpg 9w\" sizes=\"(max-width: 471px) 100vw, 471px\" \/>\t\t\t\t\t\t\t\t\t\t\t\t\t\t\t<\/div>\n\t\t\t\t<\/div>\n\t\t\t\t\t<\/div>\n\t\t\t\t<\/div>\n\t\t<div class=\"elementor-element elementor-element-c430b3b e-flex e-con-boxed e-con e-child\" data-id=\"c430b3b\" data-element_type=\"container\">\n\t\t\t\t\t<div class=\"e-con-inner\">\n\t\t<div class=\"elementor-element elementor-element-418b162 e-flex e-con-boxed e-con e-child\" data-id=\"418b162\" data-element_type=\"container\" data-settings=\"{&quot;background_background&quot;:&quot;classic&quot;}\">\n\t\t\t\t\t<div class=\"e-con-inner\">\n\t\t\t\t<div class=\"elementor-element elementor-element-be5ac8a elementor-widget elementor-widget-text-editor\" data-id=\"be5ac8a\" data-element_type=\"widget\" data-widget_type=\"text-editor.default\">\n\t\t\t\t<div class=\"elementor-widget-container\">\n\t\t\t\t\t\t\t\t\t<p>Existuje mnoho r\u016fzn\u00fdch mechanism\u016f protraktor\u016f, neexistuje v\u0161ak \u017e\u00e1dn\u00fd jeden kter\u00fd by byl \u201e\u0159e\u0161en\u00edm pro v\u0161echny\u201c, proto\u017ee anatomie ka\u017ed\u00e9ho pacienta je jedine\u010dn\u00e1.\nN\u00e1\u0161e sp\u00e1nkov\u00e1 zuba\u0159ka V\u00e1m na z\u00e1klad\u011b komplexn\u00edho  vstupn\u00edho vy\u0161et\u0159en\u00ed navrhne protraktor, kter\u00fd bude odpov\u00eddat va\u0161\u00edm individu\u00e1ln\u00edm pot\u0159eb\u00e1m.\n\nProtraktory jsou vyr\u00e1b\u011bny v zahrani\u010dn\u00edch laborato\u0159\u00edch,\nv USA, \u0160panelsku a Austr\u00e1lii. Zuba\u0159 proto mus\u00ed Va\u0161e zuby naskenovat a skeny laborato\u0159\u00edm zaslat online. Po nekolika t\u00fddnech V\u00e1m pak p\u0159ijede V\u00e1\u0161 jedine\u010dn\u00fd apar\u00e1tek, kter\u00fd bude sed\u011bt na m\u00edru jen V\u00e1m.<\/p>\t\t\t\t\t\t\t\t<\/div>\n\t\t\t\t<\/div>\n\t\t\t\t<div class=\"elementor-element elementor-element-d5c03e6 elementor-widget elementor-widget-image-gallery\" data-id=\"d5c03e6\" data-element_type=\"widget\" data-widget_type=\"image-gallery.default\">\n\t\t\t\t<div class=\"elementor-widget-container\">\n\t\t\t\t\t\t\t<div class=\"elementor-image-gallery\">\n\t\t\t<div id='gallery-1' class='gallery galleryid-589 gallery-columns-5 gallery-size-medium'><dl class='gallery-item'>\n\t\t\t<dt class='gallery-icon landscape'>\n\t\t\t\t<a data-elementor-open-lightbox=\"yes\" data-elementor-lightbox-slideshow=\"d5c03e6\" data-e-action-hash=\"#elementor-action%3Aaction%3Dlightbox%26settings%3DeyJpZCI6NTkzLCJ1cmwiOiJodHRwczpcL1wvd3d3LmRyb3JsZWouY29tXC93cC1jb250ZW50XC91cGxvYWRzXC8yMDI0XC8wMVwvVW50aXRsZWQtMS5wbmciLCJzbGlkZXNob3ciOiJkNWMwM2U2In0%3D\" href='https:\/\/www.drorlej.com\/wp-content\/uploads\/2024\/01\/Untitled-1.png'><img decoding=\"async\" width=\"300\" height=\"300\" src=\"https:\/\/www.drorlej.com\/wp-content\/uploads\/2024\/01\/Untitled-1-300x300.png\" class=\"attachment-medium size-medium\" alt=\"\" srcset=\"https:\/\/www.drorlej.com\/wp-content\/uploads\/2024\/01\/Untitled-1-300x300.png 300w, https:\/\/www.drorlej.com\/wp-content\/uploads\/2024\/01\/Untitled-1-150x150.png 150w, https:\/\/www.drorlej.com\/wp-content\/uploads\/2024\/01\/Untitled-1-12x12.png 12w, https:\/\/www.drorlej.com\/wp-content\/uploads\/2024\/01\/Untitled-1.png 600w\" sizes=\"(max-width: 300px) 100vw, 300px\" \/><\/a>\n\t\t\t<\/dt><\/dl><dl class='gallery-item'>\n\t\t\t<dt class='gallery-icon landscape'>\n\t\t\t\t<a data-elementor-open-lightbox=\"yes\" data-elementor-lightbox-slideshow=\"d5c03e6\" data-e-action-hash=\"#elementor-action%3Aaction%3Dlightbox%26settings%3DeyJpZCI6NTk0LCJ1cmwiOiJodHRwczpcL1wvd3d3LmRyb3JsZWouY29tXC93cC1jb250ZW50XC91cGxvYWRzXC8yMDI0XC8wMVwvb3NhMi5wbmciLCJzbGlkZXNob3ciOiJkNWMwM2U2In0%3D\" href='https:\/\/www.drorlej.com\/wp-content\/uploads\/2024\/01\/osa2.png'><img decoding=\"async\" width=\"300\" height=\"250\" src=\"https:\/\/www.drorlej.com\/wp-content\/uploads\/2024\/01\/osa2-300x250.png\" class=\"attachment-medium size-medium\" alt=\"\" srcset=\"https:\/\/www.drorlej.com\/wp-content\/uploads\/2024\/01\/osa2-300x250.png 300w, https:\/\/www.drorlej.com\/wp-content\/uploads\/2024\/01\/osa2-14x12.png 14w, https:\/\/www.drorlej.com\/wp-content\/uploads\/2024\/01\/osa2.png 566w\" sizes=\"(max-width: 300px) 100vw, 300px\" \/><\/a>\n\t\t\t<\/dt><\/dl><dl class='gallery-item'>\n\t\t\t<dt class='gallery-icon landscape'>\n\t\t\t\t<a data-elementor-open-lightbox=\"yes\" data-elementor-lightbox-slideshow=\"d5c03e6\" data-e-action-hash=\"#elementor-action%3Aaction%3Dlightbox%26settings%3DeyJpZCI6NTk1LCJ1cmwiOiJodHRwczpcL1wvd3d3LmRyb3JsZWouY29tXC93cC1jb250ZW50XC91cGxvYWRzXC8yMDI0XC8wMVwvUDRtcGNBT2h0aC5wbmciLCJzbGlkZXNob3ciOiJkNWMwM2U2In0%3D\" href='https:\/\/www.drorlej.com\/wp-content\/uploads\/2024\/01\/P4mpcAOhth.png'><img loading=\"lazy\" decoding=\"async\" width=\"300\" height=\"227\" src=\"https:\/\/www.drorlej.com\/wp-content\/uploads\/2024\/01\/P4mpcAOhth-300x227.png\" class=\"attachment-medium size-medium\" alt=\"\" srcset=\"https:\/\/www.drorlej.com\/wp-content\/uploads\/2024\/01\/P4mpcAOhth-300x227.png 300w, https:\/\/www.drorlej.com\/wp-content\/uploads\/2024\/01\/P4mpcAOhth-768x582.png 768w, https:\/\/www.drorlej.com\/wp-content\/uploads\/2024\/01\/P4mpcAOhth-16x12.png 16w, https:\/\/www.drorlej.com\/wp-content\/uploads\/2024\/01\/P4mpcAOhth.png 893w\" sizes=\"(max-width: 300px) 100vw, 300px\" \/><\/a>\n\t\t\t<\/dt><\/dl><dl class='gallery-item'>\n\t\t\t<dt class='gallery-icon landscape'>\n\t\t\t\t<a data-elementor-open-lightbox=\"yes\" data-elementor-lightbox-slideshow=\"d5c03e6\" data-e-action-hash=\"#elementor-action%3Aaction%3Dlightbox%26settings%3DeyJpZCI6NTk2LCJ1cmwiOiJodHRwczpcL1wvd3d3LmRyb3JsZWouY29tXC93cC1jb250ZW50XC91cGxvYWRzXC8yMDI0XC8wMVwvVW50aXRsZWQtMS0xLnBuZyIsInNsaWRlc2hvdyI6ImQ1YzAzZTYifQ%3D%3D\" href='https:\/\/www.drorlej.com\/wp-content\/uploads\/2024\/01\/Untitled-1-1.png'><img loading=\"lazy\" decoding=\"async\" width=\"300\" height=\"300\" src=\"https:\/\/www.drorlej.com\/wp-content\/uploads\/2024\/01\/Untitled-1-1-300x300.png\" class=\"attachment-medium size-medium\" alt=\"\" srcset=\"https:\/\/www.drorlej.com\/wp-content\/uploads\/2024\/01\/Untitled-1-1-300x300.png 300w, https:\/\/www.drorlej.com\/wp-content\/uploads\/2024\/01\/Untitled-1-1-150x150.png 150w, https:\/\/www.drorlej.com\/wp-content\/uploads\/2024\/01\/Untitled-1-1-12x12.png 12w, https:\/\/www.drorlej.com\/wp-content\/uploads\/2024\/01\/Untitled-1-1.png 600w\" sizes=\"(max-width: 300px) 100vw, 300px\" \/><\/a>\n\t\t\t<\/dt><\/dl><dl class='gallery-item'>\n\t\t\t<dt class='gallery-icon landscape'>\n\t\t\t\t<a data-elementor-open-lightbox=\"yes\" data-elementor-lightbox-slideshow=\"d5c03e6\" data-e-action-hash=\"#elementor-action%3Aaction%3Dlightbox%26settings%3DeyJpZCI6NTk3LCJ1cmwiOiJodHRwczpcL1wvd3d3LmRyb3JsZWouY29tXC93cC1jb250ZW50XC91cGxvYWRzXC8yMDI0XC8wMVwvVW50aXRsZWQtMS0yLnBuZyIsInNsaWRlc2hvdyI6ImQ1YzAzZTYifQ%3D%3D\" href='https:\/\/www.drorlej.com\/wp-content\/uploads\/2024\/01\/Untitled-1-2.png'><img loading=\"lazy\" decoding=\"async\" width=\"300\" height=\"300\" src=\"https:\/\/www.drorlej.com\/wp-content\/uploads\/2024\/01\/Untitled-1-2-300x300.png\" class=\"attachment-medium size-medium\" alt=\"\" srcset=\"https:\/\/www.drorlej.com\/wp-content\/uploads\/2024\/01\/Untitled-1-2-300x300.png 300w, https:\/\/www.drorlej.com\/wp-content\/uploads\/2024\/01\/Untitled-1-2-150x150.png 150w, https:\/\/www.drorlej.com\/wp-content\/uploads\/2024\/01\/Untitled-1-2-12x12.png 12w, https:\/\/www.drorlej.com\/wp-content\/uploads\/2024\/01\/Untitled-1-2.png 600w\" sizes=\"(max-width: 300px) 100vw, 300px\" \/><\/a>\n\t\t\t<\/dt><\/dl><br style=\"clear: both\" \/>\n\t\t<\/div>\n\t\t<\/div>\n\t\t\t\t\t\t<\/div>\n\t\t\t\t<\/div>\n\t\t\t\t<div class=\"elementor-element elementor-element-3c171df elementor-widget elementor-widget-image-gallery\" data-id=\"3c171df\" data-element_type=\"widget\" data-widget_type=\"image-gallery.default\">\n\t\t\t\t<div class=\"elementor-widget-container\">\n\t\t\t\t\t\t\t<div class=\"elementor-image-gallery\">\n\t\t\t<div id='gallery-2' class='gallery galleryid-589 gallery-columns-3 gallery-size-medium'><dl class='gallery-item'>\n\t\t\t<dt class='gallery-icon landscape'>\n\t\t\t\t<a data-elementor-open-lightbox=\"yes\" data-elementor-lightbox-slideshow=\"3c171df\" data-e-action-hash=\"#elementor-action%3Aaction%3Dlightbox%26settings%3DeyJpZCI6NTk4LCJ1cmwiOiJodHRwczpcL1wvd3d3LmRyb3JsZWouY29tXC93cC1jb250ZW50XC91cGxvYWRzXC8yMDI0XC8wMVwvaGdPMnpDeXlmbC5qcGciLCJzbGlkZXNob3ciOiIzYzE3MWRmIn0%3D\" href='https:\/\/www.drorlej.com\/wp-content\/uploads\/2024\/01\/hgO2zCyyfl.jpg'><img loading=\"lazy\" decoding=\"async\" width=\"300\" height=\"159\" src=\"https:\/\/www.drorlej.com\/wp-content\/uploads\/2024\/01\/hgO2zCyyfl-300x159.jpg\" class=\"attachment-medium size-medium\" alt=\"\" srcset=\"https:\/\/www.drorlej.com\/wp-content\/uploads\/2024\/01\/hgO2zCyyfl-300x159.jpg 300w, https:\/\/www.drorlej.com\/wp-content\/uploads\/2024\/01\/hgO2zCyyfl-18x10.jpg 18w, https:\/\/www.drorlej.com\/wp-content\/uploads\/2024\/01\/hgO2zCyyfl.jpg 670w\" sizes=\"(max-width: 300px) 100vw, 300px\" \/><\/a>\n\t\t\t<\/dt><\/dl><dl class='gallery-item'>\n\t\t\t<dt class='gallery-icon landscape'>\n\t\t\t\t<a data-elementor-open-lightbox=\"yes\" data-elementor-lightbox-slideshow=\"3c171df\" data-e-action-hash=\"#elementor-action%3Aaction%3Dlightbox%26settings%3DeyJpZCI6NTk5LCJ1cmwiOiJodHRwczpcL1wvd3d3LmRyb3JsZWouY29tXC93cC1jb250ZW50XC91cGxvYWRzXC8yMDI0XC8wMVwvMzRDQlI1Zk12RC5qcGciLCJzbGlkZXNob3ciOiIzYzE3MWRmIn0%3D\" href='https:\/\/www.drorlej.com\/wp-content\/uploads\/2024\/01\/34CBR5fMvD.jpg'><img loading=\"lazy\" decoding=\"async\" width=\"300\" height=\"161\" src=\"https:\/\/www.drorlej.com\/wp-content\/uploads\/2024\/01\/34CBR5fMvD-300x161.jpg\" class=\"attachment-medium size-medium\" alt=\"\" srcset=\"https:\/\/www.drorlej.com\/wp-content\/uploads\/2024\/01\/34CBR5fMvD-300x161.jpg 300w, https:\/\/www.drorlej.com\/wp-content\/uploads\/2024\/01\/34CBR5fMvD-18x10.jpg 18w, https:\/\/www.drorlej.com\/wp-content\/uploads\/2024\/01\/34CBR5fMvD.jpg 669w\" sizes=\"(max-width: 300px) 100vw, 300px\" \/><\/a>\n\t\t\t<\/dt><\/dl><dl class='gallery-item'>\n\t\t\t<dt class='gallery-icon landscape'>\n\t\t\t\t<a data-elementor-open-lightbox=\"yes\" data-elementor-lightbox-slideshow=\"3c171df\" data-e-action-hash=\"#elementor-action%3Aaction%3Dlightbox%26settings%3DeyJpZCI6NjAwLCJ1cmwiOiJodHRwczpcL1wvd3d3LmRyb3JsZWouY29tXC93cC1jb250ZW50XC91cGxvYWRzXC8yMDI0XC8wMVwvdzZJTHNXZTJkZC5qcGciLCJzbGlkZXNob3ciOiIzYzE3MWRmIn0%3D\" href='https:\/\/www.drorlej.com\/wp-content\/uploads\/2024\/01\/w6ILsWe2dd.jpg'><img loading=\"lazy\" decoding=\"async\" width=\"300\" height=\"160\" src=\"https:\/\/www.drorlej.com\/wp-content\/uploads\/2024\/01\/w6ILsWe2dd-300x160.jpg\" class=\"attachment-medium size-medium\" alt=\"\" srcset=\"https:\/\/www.drorlej.com\/wp-content\/uploads\/2024\/01\/w6ILsWe2dd-300x160.jpg 300w, https:\/\/www.drorlej.com\/wp-content\/uploads\/2024\/01\/w6ILsWe2dd-18x10.jpg 18w, https:\/\/www.drorlej.com\/wp-content\/uploads\/2024\/01\/w6ILsWe2dd.jpg 673w\" sizes=\"(max-width: 300px) 100vw, 300px\" \/><\/a>\n\t\t\t<\/dt><\/dl><br style=\"clear: both\" \/>\n\t\t<\/div>\n\t\t<\/div>\n\t\t\t\t\t\t<\/div>\n\t\t\t\t<\/div>\n\t\t\t\t\t<\/div>\n\t\t\t\t<\/div>\n\t\t\t\t\t<\/div>\n\t\t\t\t<\/div>\n\t\t\t\t\t<\/div>\n\t\t\t\t<\/div>\n\t\t\t\t<\/div>","protected":false},"excerpt":{"rendered":"<p>Oral Appliance Therapy An oral appliance for snoring or obstructive sleep apnea is a medical device that you wear in your mouth when you sleep. A qualified dentist can create an custom made oral appliance that slides over your teeth and pulls your lower jaw forward slightly, creating additional room at the back of your&hellip;&nbsp;<a href=\"https:\/\/www.drorlej.com\/cs\/oral-appliance-therapy\/\" class=\"\" rel=\"bookmark\">\u010c\u00edst d\u00e1le &raquo;<span class=\"screen-reader-text\">Terapie Zubn\u00edm Protraktorem<\/span><\/a><\/p>","protected":false},"author":2,"featured_media":0,"parent":0,"menu_order":0,"comment_status":"closed","ping_status":"closed","template":"page-templates\/template-pagebuilder-full-width.php","meta":{"neve_meta_sidebar":"","neve_meta_container":"","neve_meta_enable_content_width":"","neve_meta_content_width":0,"neve_meta_title_alignment":"","neve_meta_author_avatar":"","neve_post_elements_order":"","neve_meta_disable_header":"","neve_meta_disable_footer":"","neve_meta_disable_title":"","_themeisle_gutenberg_block_has_review":false,"footnotes":""},"class_list":["post-589","page","type-page","status-publish","hentry"],"yoast_head":"<!-- This site is optimized with the Yoast SEO plugin v26.3 - https:\/\/yoast.com\/wordpress\/plugins\/seo\/ -->\n<title>Oral Appliance Therapy - Dr. Orlej<\/title>\n<meta name=\"robots\" content=\"index, follow, max-snippet:-1, max-image-preview:large, max-video-preview:-1\" \/>\n<link rel=\"canonical\" href=\"https:\/\/www.drorlej.com\/cs\/oral-appliance-therapy\/\" \/>\n<meta property=\"og:locale\" content=\"cs_CZ\" \/>\n<meta property=\"og:type\" content=\"article\" \/>\n<meta property=\"og:title\" content=\"Oral Appliance Therapy - Dr. Orlej\" \/>\n<meta property=\"og:description\" content=\"Oral Appliance Therapy An oral appliance for snoring or obstructive sleep apnea is a medical device that you wear in your mouth when you sleep. A qualified dentist can create an custom made oral appliance that slides over your teeth and pulls your lower jaw forward slightly, creating additional room at the back of your&hellip;&nbsp;\u010c\u00edst d\u00e1le &raquo;Oral Appliance Therapy\" \/>\n<meta property=\"og:url\" content=\"https:\/\/www.drorlej.com\/cs\/oral-appliance-therapy\/\" \/>\n<meta property=\"og:site_name\" content=\"Dr. Orlej\" \/>\n<meta property=\"article:publisher\" content=\"https:\/\/www.facebook.com\/drorlej\" \/>\n<meta property=\"article:modified_time\" content=\"2024-02-26T13:54:16+00:00\" \/>\n<meta property=\"og:image\" content=\"https:\/\/www.drorlej.com\/wp-content\/uploads\/2024\/01\/PzZAWPu1g0.png\" \/>\n<meta name=\"twitter:card\" content=\"summary_large_image\" \/>\n<meta name=\"twitter:label1\" content=\"Odhadovan\u00e1 doba \u010dten\u00ed\" \/>\n\t<meta name=\"twitter:data1\" content=\"3 minuty\" \/>\n<script type=\"application\/ld+json\" class=\"yoast-schema-graph\">{\"@context\":\"https:\/\/schema.org\",\"@graph\":[{\"@type\":\"WebPage\",\"@id\":\"https:\/\/www.drorlej.com\/oral-appliance-therapy\/\",\"url\":\"https:\/\/www.drorlej.com\/oral-appliance-therapy\/\",\"name\":\"Oral Appliance Therapy - Dr. Orlej\",\"isPartOf\":{\"@id\":\"https:\/\/www.drorlej.com\/#website\"},\"primaryImageOfPage\":{\"@id\":\"https:\/\/www.drorlej.com\/oral-appliance-therapy\/#primaryimage\"},\"image\":{\"@id\":\"https:\/\/www.drorlej.com\/oral-appliance-therapy\/#primaryimage\"},\"thumbnailUrl\":\"https:\/\/www.drorlej.com\/wp-content\/uploads\/2024\/01\/PzZAWPu1g0.png\",\"datePublished\":\"2024-01-19T09:26:23+00:00\",\"dateModified\":\"2024-02-26T13:54:16+00:00\",\"breadcrumb\":{\"@id\":\"https:\/\/www.drorlej.com\/oral-appliance-therapy\/#breadcrumb\"},\"inLanguage\":\"cs\",\"potentialAction\":[{\"@type\":\"ReadAction\",\"target\":[\"https:\/\/www.drorlej.com\/oral-appliance-therapy\/\"]}]},{\"@type\":\"ImageObject\",\"inLanguage\":\"cs\",\"@id\":\"https:\/\/www.drorlej.com\/oral-appliance-therapy\/#primaryimage\",\"url\":\"https:\/\/www.drorlej.com\/wp-content\/uploads\/2024\/01\/PzZAWPu1g0.png\",\"contentUrl\":\"https:\/\/www.drorlej.com\/wp-content\/uploads\/2024\/01\/PzZAWPu1g0.png\"},{\"@type\":\"BreadcrumbList\",\"@id\":\"https:\/\/www.drorlej.com\/oral-appliance-therapy\/#breadcrumb\",\"itemListElement\":[{\"@type\":\"ListItem\",\"position\":1,\"name\":\"Home\",\"item\":\"https:\/\/www.drorlej.com\/\"},{\"@type\":\"ListItem\",\"position\":2,\"name\":\"Oral Appliance Therapy\"}]},{\"@type\":\"WebSite\",\"@id\":\"https:\/\/www.drorlej.com\/#website\",\"url\":\"https:\/\/www.drorlej.com\/\",\"name\":\"Dr. Orlej\",\"description\":\"\",\"publisher\":{\"@id\":\"https:\/\/www.drorlej.com\/#organization\"},\"potentialAction\":[{\"@type\":\"SearchAction\",\"target\":{\"@type\":\"EntryPoint\",\"urlTemplate\":\"https:\/\/www.drorlej.com\/?s={search_term_string}\"},\"query-input\":{\"@type\":\"PropertyValueSpecification\",\"valueRequired\":true,\"valueName\":\"search_term_string\"}}],\"inLanguage\":\"cs\"},{\"@type\":\"Organization\",\"@id\":\"https:\/\/www.drorlej.com\/#organization\",\"name\":\"Dr. Orlej\",\"url\":\"https:\/\/www.drorlej.com\/\",\"logo\":{\"@type\":\"ImageObject\",\"inLanguage\":\"cs\",\"@id\":\"https:\/\/www.drorlej.com\/#\/schema\/logo\/image\/\",\"url\":\"https:\/\/www.drorlej.com\/wp-content\/uploads\/2024\/02\/111589283.png\",\"contentUrl\":\"https:\/\/www.drorlej.com\/wp-content\/uploads\/2024\/02\/111589283.png\",\"width\":1320,\"height\":1000,\"caption\":\"Dr. Orlej\"},\"image\":{\"@id\":\"https:\/\/www.drorlej.com\/#\/schema\/logo\/image\/\"},\"sameAs\":[\"https:\/\/www.facebook.com\/drorlej\",\"https:\/\/www.instagram.com\/dr.orlej\/\"]}]}<\/script>\n<!-- \/ Yoast SEO plugin. -->","yoast_head_json":{"title":"Oral Appliance Therapy - Dr. Orlej","robots":{"index":"index","follow":"follow","max-snippet":"max-snippet:-1","max-image-preview":"max-image-preview:large","max-video-preview":"max-video-preview:-1"},"canonical":"https:\/\/www.drorlej.com\/cs\/oral-appliance-therapy\/","og_locale":"cs_CZ","og_type":"article","og_title":"Oral Appliance Therapy - Dr. Orlej","og_description":"Oral Appliance Therapy An oral appliance for snoring or obstructive sleep apnea is a medical device that you wear in your mouth when you sleep. A qualified dentist can create an custom made oral appliance that slides over your teeth and pulls your lower jaw forward slightly, creating additional room at the back of your&hellip;&nbsp;\u010c\u00edst d\u00e1le &raquo;Oral Appliance Therapy","og_url":"https:\/\/www.drorlej.com\/cs\/oral-appliance-therapy\/","og_site_name":"Dr. Orlej","article_publisher":"https:\/\/www.facebook.com\/drorlej","article_modified_time":"2024-02-26T13:54:16+00:00","og_image":[{"url":"https:\/\/www.drorlej.com\/wp-content\/uploads\/2024\/01\/PzZAWPu1g0.png","type":"","width":"","height":""}],"twitter_card":"summary_large_image","twitter_misc":{"Odhadovan\u00e1 doba \u010dten\u00ed":"3 minuty"},"schema":{"@context":"https:\/\/schema.org","@graph":[{"@type":"WebPage","@id":"https:\/\/www.drorlej.com\/oral-appliance-therapy\/","url":"https:\/\/www.drorlej.com\/oral-appliance-therapy\/","name":"Oral Appliance Therapy - Dr. Orlej","isPartOf":{"@id":"https:\/\/www.drorlej.com\/#website"},"primaryImageOfPage":{"@id":"https:\/\/www.drorlej.com\/oral-appliance-therapy\/#primaryimage"},"image":{"@id":"https:\/\/www.drorlej.com\/oral-appliance-therapy\/#primaryimage"},"thumbnailUrl":"https:\/\/www.drorlej.com\/wp-content\/uploads\/2024\/01\/PzZAWPu1g0.png","datePublished":"2024-01-19T09:26:23+00:00","dateModified":"2024-02-26T13:54:16+00:00","breadcrumb":{"@id":"https:\/\/www.drorlej.com\/oral-appliance-therapy\/#breadcrumb"},"inLanguage":"cs","potentialAction":[{"@type":"ReadAction","target":["https:\/\/www.drorlej.com\/oral-appliance-therapy\/"]}]},{"@type":"ImageObject","inLanguage":"cs","@id":"https:\/\/www.drorlej.com\/oral-appliance-therapy\/#primaryimage","url":"https:\/\/www.drorlej.com\/wp-content\/uploads\/2024\/01\/PzZAWPu1g0.png","contentUrl":"https:\/\/www.drorlej.com\/wp-content\/uploads\/2024\/01\/PzZAWPu1g0.png"},{"@type":"BreadcrumbList","@id":"https:\/\/www.drorlej.com\/oral-appliance-therapy\/#breadcrumb","itemListElement":[{"@type":"ListItem","position":1,"name":"Home","item":"https:\/\/www.drorlej.com\/"},{"@type":"ListItem","position":2,"name":"Oral Appliance Therapy"}]},{"@type":"WebSite","@id":"https:\/\/www.drorlej.com\/#website","url":"https:\/\/www.drorlej.com\/","name":"Dr. Orlej","description":"","publisher":{"@id":"https:\/\/www.drorlej.com\/#organization"},"potentialAction":[{"@type":"SearchAction","target":{"@type":"EntryPoint","urlTemplate":"https:\/\/www.drorlej.com\/?s={search_term_string}"},"query-input":{"@type":"PropertyValueSpecification","valueRequired":true,"valueName":"search_term_string"}}],"inLanguage":"cs"},{"@type":"Organization","@id":"https:\/\/www.drorlej.com\/#organization","name":"Dr. Orlej","url":"https:\/\/www.drorlej.com\/","logo":{"@type":"ImageObject","inLanguage":"cs","@id":"https:\/\/www.drorlej.com\/#\/schema\/logo\/image\/","url":"https:\/\/www.drorlej.com\/wp-content\/uploads\/2024\/02\/111589283.png","contentUrl":"https:\/\/www.drorlej.com\/wp-content\/uploads\/2024\/02\/111589283.png","width":1320,"height":1000,"caption":"Dr. Orlej"},"image":{"@id":"https:\/\/www.drorlej.com\/#\/schema\/logo\/image\/"},"sameAs":["https:\/\/www.facebook.com\/drorlej","https:\/\/www.instagram.com\/dr.orlej\/"]}]}},"_links":{"self":[{"href":"https:\/\/www.drorlej.com\/cs\/wp-json\/wp\/v2\/pages\/589","targetHints":{"allow":["GET"]}}],"collection":[{"href":"https:\/\/www.drorlej.com\/cs\/wp-json\/wp\/v2\/pages"}],"about":[{"href":"https:\/\/www.drorlej.com\/cs\/wp-json\/wp\/v2\/types\/page"}],"author":[{"embeddable":true,"href":"https:\/\/www.drorlej.com\/cs\/wp-json\/wp\/v2\/users\/2"}],"replies":[{"embeddable":true,"href":"https:\/\/www.drorlej.com\/cs\/wp-json\/wp\/v2\/comments?post=589"}],"version-history":[{"count":6,"href":"https:\/\/www.drorlej.com\/cs\/wp-json\/wp\/v2\/pages\/589\/revisions"}],"predecessor-version":[{"id":1081,"href":"https:\/\/www.drorlej.com\/cs\/wp-json\/wp\/v2\/pages\/589\/revisions\/1081"}],"wp:attachment":[{"href":"https:\/\/www.drorlej.com\/cs\/wp-json\/wp\/v2\/media?parent=589"}],"curies":[{"name":"wp","href":"https:\/\/api.w.org\/{rel}","templated":true}]}}