{"id":626,"date":"2024-01-20T09:36:26","date_gmt":"2024-01-20T08:36:26","guid":{"rendered":"https:\/\/www.drorlej.com\/?page_id=626"},"modified":"2024-01-30T08:54:51","modified_gmt":"2024-01-30T07:54:51","slug":"photo-gallery","status":"publish","type":"page","link":"https:\/\/www.drorlej.com\/cs\/photo-gallery\/","title":{"rendered":"Fotogalerie"},"content":{"rendered":"<div data-elementor-type=\"wp-page\" data-elementor-id=\"626\" class=\"elementor elementor-626\">\n\t\t\t\t<div class=\"elementor-element elementor-element-6173e6a e-flex e-con-boxed e-con e-parent\" data-id=\"6173e6a\" data-element_type=\"container\">\n\t\t\t\t\t<div class=\"e-con-inner\">\n\t\t<div class=\"elementor-element elementor-element-c430b3b e-flex e-con-boxed e-con e-child\" data-id=\"c430b3b\" data-element_type=\"container\">\n\t\t\t\t\t<div class=\"e-con-inner\">\n\t\t<div class=\"elementor-element elementor-element-418b162 e-flex e-con-boxed e-con e-child\" data-id=\"418b162\" data-element_type=\"container\" data-settings=\"{&quot;background_background&quot;:&quot;classic&quot;}\">\n\t\t\t\t\t<div class=\"e-con-inner\">\n\t\t\t\t<div class=\"elementor-element elementor-element-e052d0e elementor-widget elementor-widget-heading\" data-id=\"e052d0e\" data-element_type=\"widget\" data-widget_type=\"heading.default\">\n\t\t\t\t<div class=\"elementor-widget-container\">\n\t\t\t\t\t<h2 class=\"elementor-heading-title elementor-size-default\">Fotogalerie<\/h2>\t\t\t\t<\/div>\n\t\t\t\t<\/div>\n\t\t\t\t<div class=\"elementor-element elementor-element-d5c03e6 gallery-spacing-custom elementor-widget elementor-widget-image-gallery\" data-id=\"d5c03e6\" data-element_type=\"widget\" data-widget_type=\"image-gallery.default\">\n\t\t\t\t<div class=\"elementor-widget-container\">\n\t\t\t\t\t\t\t<div class=\"elementor-image-gallery\">\n\t\t\t<div id='gallery-1' class='gallery galleryid-626 gallery-columns-2 gallery-size-medium_large'><dl class='gallery-item'>\n\t\t\t<dt class='gallery-icon landscape'>\n\t\t\t\t<a data-elementor-open-lightbox=\"yes\" data-elementor-lightbox-slideshow=\"d5c03e6\" data-e-action-hash=\"#elementor-action%3Aaction%3Dlightbox%26settings%3DeyJpZCI6NjMyLCJ1cmwiOiJodHRwczpcL1wvd3d3LmRyb3JsZWouY29tXC93cC1jb250ZW50XC91cGxvYWRzXC8yMDI0XC8wMVwvVnpnTkxHNmVMdi5qcGciLCJzbGlkZXNob3ciOiJkNWMwM2U2In0%3D\" href='https:\/\/www.drorlej.com\/wp-content\/uploads\/2024\/01\/VzgNLG6eLv.jpg'><img fetchpriority=\"high\" decoding=\"async\" width=\"768\" height=\"508\" src=\"https:\/\/www.drorlej.com\/wp-content\/uploads\/2024\/01\/VzgNLG6eLv-768x508.jpg\" class=\"attachment-medium_large size-medium_large\" alt=\"\" srcset=\"https:\/\/www.drorlej.com\/wp-content\/uploads\/2024\/01\/VzgNLG6eLv-768x508.jpg 768w, https:\/\/www.drorlej.com\/wp-content\/uploads\/2024\/01\/VzgNLG6eLv-300x198.jpg 300w, https:\/\/www.drorlej.com\/wp-content\/uploads\/2024\/01\/VzgNLG6eLv-1024x677.jpg 1024w, https:\/\/www.drorlej.com\/wp-content\/uploads\/2024\/01\/VzgNLG6eLv-18x12.jpg 18w, https:\/\/www.drorlej.com\/wp-content\/uploads\/2024\/01\/VzgNLG6eLv.jpg 1120w\" sizes=\"(max-width: 768px) 100vw, 768px\" \/><\/a>\n\t\t\t<\/dt><\/dl><dl class='gallery-item'>\n\t\t\t<dt class='gallery-icon landscape'>\n\t\t\t\t<a data-elementor-open-lightbox=\"yes\" data-elementor-lightbox-slideshow=\"d5c03e6\" data-e-action-hash=\"#elementor-action%3Aaction%3Dlightbox%26settings%3DeyJpZCI6NjMxLCJ1cmwiOiJodHRwczpcL1wvd3d3LmRyb3JsZWouY29tXC93cC1jb250ZW50XC91cGxvYWRzXC8yMDI0XC8wMVwvcGxacGY0SkZzNC5qcGciLCJzbGlkZXNob3ciOiJkNWMwM2U2In0%3D\" href='https:\/\/www.drorlej.com\/wp-content\/uploads\/2024\/01\/plZpf4JFs4.jpg'><img decoding=\"async\" width=\"768\" height=\"511\" src=\"https:\/\/www.drorlej.com\/wp-content\/uploads\/2024\/01\/plZpf4JFs4-768x511.jpg\" class=\"attachment-medium_large size-medium_large\" alt=\"\" srcset=\"https:\/\/www.drorlej.com\/wp-content\/uploads\/2024\/01\/plZpf4JFs4-768x511.jpg 768w, https:\/\/www.drorlej.com\/wp-content\/uploads\/2024\/01\/plZpf4JFs4-300x200.jpg 300w, https:\/\/www.drorlej.com\/wp-content\/uploads\/2024\/01\/plZpf4JFs4-1024x681.jpg 1024w, https:\/\/www.drorlej.com\/wp-content\/uploads\/2024\/01\/plZpf4JFs4-18x12.jpg 18w, https:\/\/www.drorlej.com\/wp-content\/uploads\/2024\/01\/plZpf4JFs4-930x620.jpg 930w, https:\/\/www.drorlej.com\/wp-content\/uploads\/2024\/01\/plZpf4JFs4.jpg 1112w\" sizes=\"(max-width: 768px) 100vw, 768px\" \/><\/a>\n\t\t\t<\/dt><\/dl><br style=\"clear: both\" \/><dl class='gallery-item'>\n\t\t\t<dt class='gallery-icon landscape'>\n\t\t\t\t<a data-elementor-open-lightbox=\"yes\" data-elementor-lightbox-slideshow=\"d5c03e6\" data-e-action-hash=\"#elementor-action%3Aaction%3Dlightbox%26settings%3DeyJpZCI6NjMwLCJ1cmwiOiJodHRwczpcL1wvd3d3LmRyb3JsZWouY29tXC93cC1jb250ZW50XC91cGxvYWRzXC8yMDI0XC8wMVwvV1h0NnluSVZtRC5qcGciLCJzbGlkZXNob3ciOiJkNWMwM2U2In0%3D\" href='https:\/\/www.drorlej.com\/wp-content\/uploads\/2024\/01\/WXt6ynIVmD.jpg'><img decoding=\"async\" width=\"768\" height=\"512\" src=\"https:\/\/www.drorlej.com\/wp-content\/uploads\/2024\/01\/WXt6ynIVmD-768x512.jpg\" class=\"attachment-medium_large size-medium_large\" alt=\"\" srcset=\"https:\/\/www.drorlej.com\/wp-content\/uploads\/2024\/01\/WXt6ynIVmD-768x512.jpg 768w, https:\/\/www.drorlej.com\/wp-content\/uploads\/2024\/01\/WXt6ynIVmD-300x200.jpg 300w, https:\/\/www.drorlej.com\/wp-content\/uploads\/2024\/01\/WXt6ynIVmD-1024x682.jpg 1024w, https:\/\/www.drorlej.com\/wp-content\/uploads\/2024\/01\/WXt6ynIVmD-18x12.jpg 18w, https:\/\/www.drorlej.com\/wp-content\/uploads\/2024\/01\/WXt6ynIVmD-930x620.jpg 930w, https:\/\/www.drorlej.com\/wp-content\/uploads\/2024\/01\/WXt6ynIVmD.jpg 1114w\" sizes=\"(max-width: 768px) 100vw, 768px\" \/><\/a>\n\t\t\t<\/dt><\/dl><dl class='gallery-item'>\n\t\t\t<dt class='gallery-icon landscape'>\n\t\t\t\t<a data-elementor-open-lightbox=\"yes\" data-elementor-lightbox-slideshow=\"d5c03e6\" data-e-action-hash=\"#elementor-action%3Aaction%3Dlightbox%26settings%3DeyJpZCI6NjI5LCJ1cmwiOiJodHRwczpcL1wvd3d3LmRyb3JsZWouY29tXC93cC1jb250ZW50XC91cGxvYWRzXC8yMDI0XC8wMVwvUmpIWkVUdThUUS5qcGciLCJzbGlkZXNob3ciOiJkNWMwM2U2In0%3D\" href='https:\/\/www.drorlej.com\/wp-content\/uploads\/2024\/01\/RjHZETu8TQ.jpg'><img loading=\"lazy\" decoding=\"async\" width=\"768\" height=\"509\" src=\"https:\/\/www.drorlej.com\/wp-content\/uploads\/2024\/01\/RjHZETu8TQ-768x509.jpg\" class=\"attachment-medium_large size-medium_large\" alt=\"\" srcset=\"https:\/\/www.drorlej.com\/wp-content\/uploads\/2024\/01\/RjHZETu8TQ-768x509.jpg 768w, https:\/\/www.drorlej.com\/wp-content\/uploads\/2024\/01\/RjHZETu8TQ-300x199.jpg 300w, https:\/\/www.drorlej.com\/wp-content\/uploads\/2024\/01\/RjHZETu8TQ-1024x678.jpg 1024w, https:\/\/www.drorlej.com\/wp-content\/uploads\/2024\/01\/RjHZETu8TQ-18x12.jpg 18w, https:\/\/www.drorlej.com\/wp-content\/uploads\/2024\/01\/RjHZETu8TQ.jpg 1114w\" sizes=\"(max-width: 768px) 100vw, 768px\" \/><\/a>\n\t\t\t<\/dt><\/dl><br style=\"clear: both\" \/>\n\t\t<\/div>\n\t\t<\/div>\n\t\t\t\t\t\t<\/div>\n\t\t\t\t<\/div>\n\t\t\t\t\t<\/div>\n\t\t\t\t<\/div>\n\t\t\t\t\t<\/div>\n\t\t\t\t<\/div>\n\t\t\t\t\t<\/div>\n\t\t\t\t<\/div>\n\t\t\t\t<\/div>","protected":false},"excerpt":{"rendered":"<p>Fotogalerie<\/p>","protected":false},"author":2,"featured_media":0,"parent":0,"menu_order":0,"comment_status":"closed","ping_status":"closed","template":"page-templates\/template-pagebuilder-full-width.php","meta":{"neve_meta_sidebar":"","neve_meta_container":"","neve_meta_enable_content_width":"","neve_meta_content_width":0,"neve_meta_title_alignment":"","neve_meta_author_avatar":"","neve_post_elements_order":"","neve_meta_disable_header":"","neve_meta_disable_footer":"","neve_meta_disable_title":"","_themeisle_gutenberg_block_has_review":false,"footnotes":""},"class_list":["post-626","page","type-page","status-publish","hentry"],"yoast_head":"<!-- This site is optimized with the Yoast SEO plugin v26.3 - https:\/\/yoast.com\/wordpress\/plugins\/seo\/ -->\n<title>Photo Gallery - Dr. Orlej<\/title>\n<meta name=\"robots\" content=\"index, follow, max-snippet:-1, max-image-preview:large, max-video-preview:-1\" \/>\n<link rel=\"canonical\" href=\"https:\/\/www.drorlej.com\/cs\/photo-gallery\/\" \/>\n<meta property=\"og:locale\" content=\"cs_CZ\" \/>\n<meta property=\"og:type\" content=\"article\" \/>\n<meta property=\"og:title\" content=\"Photo Gallery - Dr. Orlej\" \/>\n<meta property=\"og:description\" content=\"Photo Gallery\" \/>\n<meta property=\"og:url\" content=\"https:\/\/www.drorlej.com\/cs\/photo-gallery\/\" \/>\n<meta property=\"og:site_name\" content=\"Dr. Orlej\" \/>\n<meta property=\"article:publisher\" content=\"https:\/\/www.facebook.com\/drorlej\" \/>\n<meta property=\"article:modified_time\" content=\"2024-01-30T07:54:51+00:00\" \/>\n<meta property=\"og:image\" content=\"https:\/\/www.drorlej.com\/wp-content\/uploads\/2024\/01\/VzgNLG6eLv-768x508.jpg\" \/>\n<meta name=\"twitter:card\" content=\"summary_large_image\" \/>\n<meta name=\"twitter:label1\" content=\"Odhadovan\u00e1 doba \u010dten\u00ed\" \/>\n\t<meta name=\"twitter:data1\" content=\"1 minuta\" \/>\n<script type=\"application\/ld+json\" class=\"yoast-schema-graph\">{\"@context\":\"https:\/\/schema.org\",\"@graph\":[{\"@type\":\"WebPage\",\"@id\":\"https:\/\/www.drorlej.com\/photo-gallery\/\",\"url\":\"https:\/\/www.drorlej.com\/photo-gallery\/\",\"name\":\"Photo Gallery - Dr. Orlej\",\"isPartOf\":{\"@id\":\"https:\/\/www.drorlej.com\/#website\"},\"primaryImageOfPage\":{\"@id\":\"https:\/\/www.drorlej.com\/photo-gallery\/#primaryimage\"},\"image\":{\"@id\":\"https:\/\/www.drorlej.com\/photo-gallery\/#primaryimage\"},\"thumbnailUrl\":\"https:\/\/www.drorlej.com\/wp-content\/uploads\/2024\/01\/VzgNLG6eLv-768x508.jpg\",\"datePublished\":\"2024-01-20T08:36:26+00:00\",\"dateModified\":\"2024-01-30T07:54:51+00:00\",\"breadcrumb\":{\"@id\":\"https:\/\/www.drorlej.com\/photo-gallery\/#breadcrumb\"},\"inLanguage\":\"cs\",\"potentialAction\":[{\"@type\":\"ReadAction\",\"target\":[\"https:\/\/www.drorlej.com\/photo-gallery\/\"]}]},{\"@type\":\"ImageObject\",\"inLanguage\":\"cs\",\"@id\":\"https:\/\/www.drorlej.com\/photo-gallery\/#primaryimage\",\"url\":\"https:\/\/www.drorlej.com\/wp-content\/uploads\/2024\/01\/VzgNLG6eLv-768x508.jpg\",\"contentUrl\":\"https:\/\/www.drorlej.com\/wp-content\/uploads\/2024\/01\/VzgNLG6eLv-768x508.jpg\"},{\"@type\":\"BreadcrumbList\",\"@id\":\"https:\/\/www.drorlej.com\/photo-gallery\/#breadcrumb\",\"itemListElement\":[{\"@type\":\"ListItem\",\"position\":1,\"name\":\"Home\",\"item\":\"https:\/\/www.drorlej.com\/\"},{\"@type\":\"ListItem\",\"position\":2,\"name\":\"Photo Gallery\"}]},{\"@type\":\"WebSite\",\"@id\":\"https:\/\/www.drorlej.com\/#website\",\"url\":\"https:\/\/www.drorlej.com\/\",\"name\":\"Dr. Orlej\",\"description\":\"\",\"publisher\":{\"@id\":\"https:\/\/www.drorlej.com\/#organization\"},\"potentialAction\":[{\"@type\":\"SearchAction\",\"target\":{\"@type\":\"EntryPoint\",\"urlTemplate\":\"https:\/\/www.drorlej.com\/?s={search_term_string}\"},\"query-input\":{\"@type\":\"PropertyValueSpecification\",\"valueRequired\":true,\"valueName\":\"search_term_string\"}}],\"inLanguage\":\"cs\"},{\"@type\":\"Organization\",\"@id\":\"https:\/\/www.drorlej.com\/#organization\",\"name\":\"Dr. Orlej\",\"url\":\"https:\/\/www.drorlej.com\/\",\"logo\":{\"@type\":\"ImageObject\",\"inLanguage\":\"cs\",\"@id\":\"https:\/\/www.drorlej.com\/#\/schema\/logo\/image\/\",\"url\":\"https:\/\/www.drorlej.com\/wp-content\/uploads\/2024\/02\/111589283.png\",\"contentUrl\":\"https:\/\/www.drorlej.com\/wp-content\/uploads\/2024\/02\/111589283.png\",\"width\":1320,\"height\":1000,\"caption\":\"Dr. Orlej\"},\"image\":{\"@id\":\"https:\/\/www.drorlej.com\/#\/schema\/logo\/image\/\"},\"sameAs\":[\"https:\/\/www.facebook.com\/drorlej\",\"https:\/\/www.instagram.com\/dr.orlej\/\"]}]}<\/script>\n<!-- \/ Yoast SEO plugin. -->","yoast_head_json":{"title":"Photo Gallery - Dr. Orlej","robots":{"index":"index","follow":"follow","max-snippet":"max-snippet:-1","max-image-preview":"max-image-preview:large","max-video-preview":"max-video-preview:-1"},"canonical":"https:\/\/www.drorlej.com\/cs\/photo-gallery\/","og_locale":"cs_CZ","og_type":"article","og_title":"Photo Gallery - Dr. Orlej","og_description":"Photo Gallery","og_url":"https:\/\/www.drorlej.com\/cs\/photo-gallery\/","og_site_name":"Dr. Orlej","article_publisher":"https:\/\/www.facebook.com\/drorlej","article_modified_time":"2024-01-30T07:54:51+00:00","og_image":[{"url":"https:\/\/www.drorlej.com\/wp-content\/uploads\/2024\/01\/VzgNLG6eLv-768x508.jpg","type":"","width":"","height":""}],"twitter_card":"summary_large_image","twitter_misc":{"Odhadovan\u00e1 doba \u010dten\u00ed":"1 minuta"},"schema":{"@context":"https:\/\/schema.org","@graph":[{"@type":"WebPage","@id":"https:\/\/www.drorlej.com\/photo-gallery\/","url":"https:\/\/www.drorlej.com\/photo-gallery\/","name":"Photo Gallery - Dr. Orlej","isPartOf":{"@id":"https:\/\/www.drorlej.com\/#website"},"primaryImageOfPage":{"@id":"https:\/\/www.drorlej.com\/photo-gallery\/#primaryimage"},"image":{"@id":"https:\/\/www.drorlej.com\/photo-gallery\/#primaryimage"},"thumbnailUrl":"https:\/\/www.drorlej.com\/wp-content\/uploads\/2024\/01\/VzgNLG6eLv-768x508.jpg","datePublished":"2024-01-20T08:36:26+00:00","dateModified":"2024-01-30T07:54:51+00:00","breadcrumb":{"@id":"https:\/\/www.drorlej.com\/photo-gallery\/#breadcrumb"},"inLanguage":"cs","potentialAction":[{"@type":"ReadAction","target":["https:\/\/www.drorlej.com\/photo-gallery\/"]}]},{"@type":"ImageObject","inLanguage":"cs","@id":"https:\/\/www.drorlej.com\/photo-gallery\/#primaryimage","url":"https:\/\/www.drorlej.com\/wp-content\/uploads\/2024\/01\/VzgNLG6eLv-768x508.jpg","contentUrl":"https:\/\/www.drorlej.com\/wp-content\/uploads\/2024\/01\/VzgNLG6eLv-768x508.jpg"},{"@type":"BreadcrumbList","@id":"https:\/\/www.drorlej.com\/photo-gallery\/#breadcrumb","itemListElement":[{"@type":"ListItem","position":1,"name":"Home","item":"https:\/\/www.drorlej.com\/"},{"@type":"ListItem","position":2,"name":"Photo Gallery"}]},{"@type":"WebSite","@id":"https:\/\/www.drorlej.com\/#website","url":"https:\/\/www.drorlej.com\/","name":"Dr. Orlej","description":"","publisher":{"@id":"https:\/\/www.drorlej.com\/#organization"},"potentialAction":[{"@type":"SearchAction","target":{"@type":"EntryPoint","urlTemplate":"https:\/\/www.drorlej.com\/?s={search_term_string}"},"query-input":{"@type":"PropertyValueSpecification","valueRequired":true,"valueName":"search_term_string"}}],"inLanguage":"cs"},{"@type":"Organization","@id":"https:\/\/www.drorlej.com\/#organization","name":"Dr. Orlej","url":"https:\/\/www.drorlej.com\/","logo":{"@type":"ImageObject","inLanguage":"cs","@id":"https:\/\/www.drorlej.com\/#\/schema\/logo\/image\/","url":"https:\/\/www.drorlej.com\/wp-content\/uploads\/2024\/02\/111589283.png","contentUrl":"https:\/\/www.drorlej.com\/wp-content\/uploads\/2024\/02\/111589283.png","width":1320,"height":1000,"caption":"Dr. Orlej"},"image":{"@id":"https:\/\/www.drorlej.com\/#\/schema\/logo\/image\/"},"sameAs":["https:\/\/www.facebook.com\/drorlej","https:\/\/www.instagram.com\/dr.orlej\/"]}]}},"_links":{"self":[{"href":"https:\/\/www.drorlej.com\/cs\/wp-json\/wp\/v2\/pages\/626","targetHints":{"allow":["GET"]}}],"collection":[{"href":"https:\/\/www.drorlej.com\/cs\/wp-json\/wp\/v2\/pages"}],"about":[{"href":"https:\/\/www.drorlej.com\/cs\/wp-json\/wp\/v2\/types\/page"}],"author":[{"embeddable":true,"href":"https:\/\/www.drorlej.com\/cs\/wp-json\/wp\/v2\/users\/2"}],"replies":[{"embeddable":true,"href":"https:\/\/www.drorlej.com\/cs\/wp-json\/wp\/v2\/comments?post=626"}],"version-history":[{"count":6,"href":"https:\/\/www.drorlej.com\/cs\/wp-json\/wp\/v2\/pages\/626\/revisions"}],"predecessor-version":[{"id":850,"href":"https:\/\/www.drorlej.com\/cs\/wp-json\/wp\/v2\/pages\/626\/revisions\/850"}],"wp:attachment":[{"href":"https:\/\/www.drorlej.com\/cs\/wp-json\/wp\/v2\/media?parent=626"}],"curies":[{"name":"wp","href":"https:\/\/api.w.org\/{rel}","templated":true}]}}