{"id":929,"date":"2024-02-02T11:18:44","date_gmt":"2024-02-02T10:18:44","guid":{"rendered":"https:\/\/www.drorlej.com\/?page_id=929"},"modified":"2024-02-12T13:57:32","modified_gmt":"2024-02-12T12:57:32","slug":"mddr-jana-bruna","status":"publish","type":"page","link":"https:\/\/www.drorlej.com\/cs\/mddr-jana-bruna\/","title":{"rendered":"MDDr. Jana Bruna"},"content":{"rendered":"<div data-elementor-type=\"wp-page\" data-elementor-id=\"929\" class=\"elementor elementor-929\">\n\t\t\t\t<div class=\"elementor-element elementor-element-6173e6a e-flex e-con-boxed e-con e-parent\" data-id=\"6173e6a\" data-element_type=\"container\">\n\t\t\t\t\t<div class=\"e-con-inner\">\n\t\t<div class=\"elementor-element elementor-element-8ae7d6a e-flex e-con-boxed e-con e-child\" data-id=\"8ae7d6a\" data-element_type=\"container\">\n\t\t\t\t\t<div class=\"e-con-inner\">\n\t\t\t\t<div class=\"elementor-element elementor-element-8481494 elementor-widget elementor-widget-image\" data-id=\"8481494\" data-element_type=\"widget\" data-widget_type=\"image.default\">\n\t\t\t\t<div class=\"elementor-widget-container\">\n\t\t\t\t\t\t\t\t\t\t\t\t\t\t\t<img fetchpriority=\"high\" decoding=\"async\" width=\"628\" height=\"887\" src=\"https:\/\/www.drorlej.com\/wp-content\/uploads\/2024\/02\/uGguBWuVDI.jpg\" class=\"attachment-full size-full wp-image-922\" alt=\"\" srcset=\"https:\/\/www.drorlej.com\/wp-content\/uploads\/2024\/02\/uGguBWuVDI.jpg 628w, https:\/\/www.drorlej.com\/wp-content\/uploads\/2024\/02\/uGguBWuVDI-212x300.jpg 212w, https:\/\/www.drorlej.com\/wp-content\/uploads\/2024\/02\/uGguBWuVDI-8x12.jpg 8w, https:\/\/www.drorlej.com\/wp-content\/uploads\/2024\/02\/elementor\/thumbs\/uGguBWuVDI-qj7nq6ep7xvcmbyu6pogv291na11eppftqrxh94fis.jpg 2w\" sizes=\"(max-width: 628px) 100vw, 628px\" \/>\t\t\t\t\t\t\t\t\t\t\t\t\t\t\t<\/div>\n\t\t\t\t<\/div>\n\t\t<div class=\"elementor-element elementor-element-13b87fe e-flex e-con-boxed e-con e-child\" data-id=\"13b87fe\" data-element_type=\"container\" data-settings=\"{&quot;background_background&quot;:&quot;classic&quot;}\">\n\t\t\t\t\t<div class=\"e-con-inner\">\n\t\t\t\t<div class=\"elementor-element elementor-element-29f1f2c elementor-widget elementor-widget-heading\" data-id=\"29f1f2c\" data-element_type=\"widget\" data-widget_type=\"heading.default\">\n\t\t\t\t<div class=\"elementor-widget-container\">\n\t\t\t\t\t<h2 class=\"elementor-heading-title elementor-size-default\">MDDr. Jana Bruna<\/h2>\t\t\t\t<\/div>\n\t\t\t\t<\/div>\n\t\t\t\t<div class=\"elementor-element elementor-element-27b15c2 elementor-widget elementor-widget-text-editor\" data-id=\"27b15c2\" data-element_type=\"widget\" data-widget_type=\"text-editor.default\">\n\t\t\t\t<div class=\"elementor-widget-container\">\n\t\t\t\t\t\t\t\t\t<p>MDDr. Jana Bruna vystudovala zubn\u00ed l\u00e9ka\u0159stv\u00ed na Univerzit\u011b Karlov\u011b v Praze. V roce 2013, je\u0161te p\u0159ed promoc\u00ed v oboru zubn\u00ed l\u00e9ka\u0159stv\u00ed, nastoupila do v\u00fdzkumn\u00e9 skupiny profesorky Jarmily Proch\u00e1zkov\u00e9 na Klinice klinick\u00e9 a experiment\u00e1ln\u00ed stomatologie Univerzity Karlovy a V\u0161eobecn\u00e9 fakultn\u00ed nemocnice v Praze. V sou\u010dasnosti je kandid\u00e1tkou doktorsk\u00fd titul PhD. v oboru preventivn\u00edho l\u00e9ka\u0159stv\u00ed se zam\u011b\u0159en\u00edm na vedlej\u0161\u00ed \u00fa\u010dinky kovov\u00fdch implant\u00e1t\u016f. Pracuje jako v\u0161eobecn\u00e1 zubn\u00ed l\u00e9ka\u0159ka, p\u0159ekl\u00e1d\u00e1 stomatologick\u00e9 knihy a p\u00ed\u0161e v\u00fdzkumn\u00e9 \u010dl\u00e1nky. Jej\u00edm c\u00edlem je b\u00fdt vysoce kvalifikovanou zubn\u00ed l\u00e9ka\u0159kou a aktivn\u00ed v\u00fdzkumnou pracovnic\u00ed. Dr. Bruna zast\u00e1v\u00e1 funkci v\u011bdeck\u00e9ho sekret\u00e1\u0159e \u010cesk\u00e9 akademie dent\u00e1ln\u00ed sp\u00e1nkov\u00e9 medic\u00edny, kter\u00e1 pro sv\u00e9 \u010dleny udr\u017euje p\u0159ehled o nejd\u016fle\u017eit\u011bj\u0161\u00edch a nejaktu\u00e1ln\u011bj\u0161\u00edch v\u00fdzkumn\u00fdch studi\u00edch v oblasti dent\u00e1ln\u00ed sp\u00e1nkov\u00e9 medic\u00edny.<\/p><p>&#039;Moj\u00edm hlavn\u00edm z\u00e1jmem je or\u00e1ln\u00ed implantologie, minim\u00e1ln\u011b invazivn\u00ed chirurgie a dent\u00e1ln\u00ed\nsp\u00e1nkov\u00e1 medic\u00edna. R\u00e1da d\u011bl\u00e1m sv\u00fdm pacient\u016fm radost vytv\u00e1\u0159en\u00edm l\u00e9\u010debn\u00fdch pl\u00e1n\u016f, kter\u00e9\nnejl\u00e9pe odpov\u00eddaj\u00ed jejich pot\u0159eb\u00e1m.&#039;<\/p>\t\t\t\t\t\t\t\t<\/div>\n\t\t\t\t<\/div>\n\t\t\t\t\t<\/div>\n\t\t\t\t<\/div>\n\t\t\t\t\t<\/div>\n\t\t\t\t<\/div>\n\t\t\t\t\t<\/div>\n\t\t\t\t<\/div>\n\t\t\t\t<\/div>","protected":false},"excerpt":{"rendered":"<p>MDDr. Jana Bruna MDDr. Jana Bruna studied Dental Medicine at the Charles University in Prague. In 2013, even before she graduated with degree in Dentistry, she joined the research group of Professor Jarmila Proch\u00e1zkov\u00e1 at the Department of clinical and experimental stomatology of Charles University and General University Hospital, Prague. She pursues a doctoral degree&hellip;&nbsp;<a href=\"https:\/\/www.drorlej.com\/cs\/mddr-jana-bruna\/\" class=\"\" rel=\"bookmark\">\u010c\u00edst d\u00e1le &raquo;<span class=\"screen-reader-text\">MDDr. Jana Bruna<\/span><\/a><\/p>","protected":false},"author":2,"featured_media":0,"parent":0,"menu_order":0,"comment_status":"closed","ping_status":"closed","template":"page-templates\/template-pagebuilder-full-width.php","meta":{"neve_meta_sidebar":"","neve_meta_container":"","neve_meta_enable_content_width":"","neve_meta_content_width":0,"neve_meta_title_alignment":"","neve_meta_author_avatar":"","neve_post_elements_order":"","neve_meta_disable_header":"","neve_meta_disable_footer":"","neve_meta_disable_title":"","_themeisle_gutenberg_block_has_review":false,"footnotes":""},"class_list":["post-929","page","type-page","status-publish","hentry"],"yoast_head":"<!-- This site is optimized with the Yoast SEO plugin v26.3 - https:\/\/yoast.com\/wordpress\/plugins\/seo\/ -->\n<title>MDDr. Jana Bruna - Dr. Orlej<\/title>\n<meta name=\"robots\" content=\"index, follow, max-snippet:-1, max-image-preview:large, max-video-preview:-1\" \/>\n<link rel=\"canonical\" href=\"https:\/\/www.drorlej.com\/cs\/mddr-jana-bruna\/\" \/>\n<meta property=\"og:locale\" content=\"cs_CZ\" \/>\n<meta property=\"og:type\" content=\"article\" \/>\n<meta property=\"og:title\" content=\"MDDr. Jana Bruna - Dr. Orlej\" \/>\n<meta property=\"og:description\" content=\"MDDr. Jana Bruna MDDr. Jana Bruna studied Dental Medicine at the Charles University in Prague. In 2013, even before she graduated with degree in Dentistry, she joined the research group of Professor Jarmila Proch\u00e1zkov\u00e1 at the Department of clinical and experimental stomatology of Charles University and General University Hospital, Prague. She pursues a doctoral degree&hellip;&nbsp;\u010c\u00edst d\u00e1le &raquo;MDDr. Jana Bruna\" \/>\n<meta property=\"og:url\" content=\"https:\/\/www.drorlej.com\/cs\/mddr-jana-bruna\/\" \/>\n<meta property=\"og:site_name\" content=\"Dr. Orlej\" \/>\n<meta property=\"article:publisher\" content=\"https:\/\/www.facebook.com\/drorlej\" \/>\n<meta property=\"article:modified_time\" content=\"2024-02-12T12:57:32+00:00\" \/>\n<meta property=\"og:image\" content=\"https:\/\/www.drorlej.com\/wp-content\/uploads\/2024\/02\/uGguBWuVDI.jpg\" \/>\n<meta name=\"twitter:card\" content=\"summary_large_image\" \/>\n<meta name=\"twitter:label1\" content=\"Odhadovan\u00e1 doba \u010dten\u00ed\" \/>\n\t<meta name=\"twitter:data1\" content=\"2 minuty\" \/>\n<script type=\"application\/ld+json\" class=\"yoast-schema-graph\">{\"@context\":\"https:\/\/schema.org\",\"@graph\":[{\"@type\":\"WebPage\",\"@id\":\"https:\/\/www.drorlej.com\/mddr-jana-bruna\/\",\"url\":\"https:\/\/www.drorlej.com\/mddr-jana-bruna\/\",\"name\":\"MDDr. Jana Bruna - Dr. Orlej\",\"isPartOf\":{\"@id\":\"https:\/\/www.drorlej.com\/#website\"},\"primaryImageOfPage\":{\"@id\":\"https:\/\/www.drorlej.com\/mddr-jana-bruna\/#primaryimage\"},\"image\":{\"@id\":\"https:\/\/www.drorlej.com\/mddr-jana-bruna\/#primaryimage\"},\"thumbnailUrl\":\"https:\/\/www.drorlej.com\/wp-content\/uploads\/2024\/02\/uGguBWuVDI.jpg\",\"datePublished\":\"2024-02-02T10:18:44+00:00\",\"dateModified\":\"2024-02-12T12:57:32+00:00\",\"breadcrumb\":{\"@id\":\"https:\/\/www.drorlej.com\/mddr-jana-bruna\/#breadcrumb\"},\"inLanguage\":\"cs\",\"potentialAction\":[{\"@type\":\"ReadAction\",\"target\":[\"https:\/\/www.drorlej.com\/mddr-jana-bruna\/\"]}]},{\"@type\":\"ImageObject\",\"inLanguage\":\"cs\",\"@id\":\"https:\/\/www.drorlej.com\/mddr-jana-bruna\/#primaryimage\",\"url\":\"https:\/\/www.drorlej.com\/wp-content\/uploads\/2024\/02\/uGguBWuVDI.jpg\",\"contentUrl\":\"https:\/\/www.drorlej.com\/wp-content\/uploads\/2024\/02\/uGguBWuVDI.jpg\"},{\"@type\":\"BreadcrumbList\",\"@id\":\"https:\/\/www.drorlej.com\/mddr-jana-bruna\/#breadcrumb\",\"itemListElement\":[{\"@type\":\"ListItem\",\"position\":1,\"name\":\"Home\",\"item\":\"https:\/\/www.drorlej.com\/\"},{\"@type\":\"ListItem\",\"position\":2,\"name\":\"MDDr. Jana Bruna\"}]},{\"@type\":\"WebSite\",\"@id\":\"https:\/\/www.drorlej.com\/#website\",\"url\":\"https:\/\/www.drorlej.com\/\",\"name\":\"Dr. Orlej\",\"description\":\"\",\"publisher\":{\"@id\":\"https:\/\/www.drorlej.com\/#organization\"},\"potentialAction\":[{\"@type\":\"SearchAction\",\"target\":{\"@type\":\"EntryPoint\",\"urlTemplate\":\"https:\/\/www.drorlej.com\/?s={search_term_string}\"},\"query-input\":{\"@type\":\"PropertyValueSpecification\",\"valueRequired\":true,\"valueName\":\"search_term_string\"}}],\"inLanguage\":\"cs\"},{\"@type\":\"Organization\",\"@id\":\"https:\/\/www.drorlej.com\/#organization\",\"name\":\"Dr. Orlej\",\"url\":\"https:\/\/www.drorlej.com\/\",\"logo\":{\"@type\":\"ImageObject\",\"inLanguage\":\"cs\",\"@id\":\"https:\/\/www.drorlej.com\/#\/schema\/logo\/image\/\",\"url\":\"https:\/\/www.drorlej.com\/wp-content\/uploads\/2024\/02\/111589283.png\",\"contentUrl\":\"https:\/\/www.drorlej.com\/wp-content\/uploads\/2024\/02\/111589283.png\",\"width\":1320,\"height\":1000,\"caption\":\"Dr. Orlej\"},\"image\":{\"@id\":\"https:\/\/www.drorlej.com\/#\/schema\/logo\/image\/\"},\"sameAs\":[\"https:\/\/www.facebook.com\/drorlej\",\"https:\/\/www.instagram.com\/dr.orlej\/\"]}]}<\/script>\n<!-- \/ Yoast SEO plugin. -->","yoast_head_json":{"title":"MDDr. Jana Bruna - Dr. Orlej","robots":{"index":"index","follow":"follow","max-snippet":"max-snippet:-1","max-image-preview":"max-image-preview:large","max-video-preview":"max-video-preview:-1"},"canonical":"https:\/\/www.drorlej.com\/cs\/mddr-jana-bruna\/","og_locale":"cs_CZ","og_type":"article","og_title":"MDDr. Jana Bruna - Dr. Orlej","og_description":"MDDr. Jana Bruna MDDr. Jana Bruna studied Dental Medicine at the Charles University in Prague. In 2013, even before she graduated with degree in Dentistry, she joined the research group of Professor Jarmila Proch\u00e1zkov\u00e1 at the Department of clinical and experimental stomatology of Charles University and General University Hospital, Prague. She pursues a doctoral degree&hellip;&nbsp;\u010c\u00edst d\u00e1le &raquo;MDDr. Jana Bruna","og_url":"https:\/\/www.drorlej.com\/cs\/mddr-jana-bruna\/","og_site_name":"Dr. Orlej","article_publisher":"https:\/\/www.facebook.com\/drorlej","article_modified_time":"2024-02-12T12:57:32+00:00","og_image":[{"url":"https:\/\/www.drorlej.com\/wp-content\/uploads\/2024\/02\/uGguBWuVDI.jpg","type":"","width":"","height":""}],"twitter_card":"summary_large_image","twitter_misc":{"Odhadovan\u00e1 doba \u010dten\u00ed":"2 minuty"},"schema":{"@context":"https:\/\/schema.org","@graph":[{"@type":"WebPage","@id":"https:\/\/www.drorlej.com\/mddr-jana-bruna\/","url":"https:\/\/www.drorlej.com\/mddr-jana-bruna\/","name":"MDDr. Jana Bruna - Dr. Orlej","isPartOf":{"@id":"https:\/\/www.drorlej.com\/#website"},"primaryImageOfPage":{"@id":"https:\/\/www.drorlej.com\/mddr-jana-bruna\/#primaryimage"},"image":{"@id":"https:\/\/www.drorlej.com\/mddr-jana-bruna\/#primaryimage"},"thumbnailUrl":"https:\/\/www.drorlej.com\/wp-content\/uploads\/2024\/02\/uGguBWuVDI.jpg","datePublished":"2024-02-02T10:18:44+00:00","dateModified":"2024-02-12T12:57:32+00:00","breadcrumb":{"@id":"https:\/\/www.drorlej.com\/mddr-jana-bruna\/#breadcrumb"},"inLanguage":"cs","potentialAction":[{"@type":"ReadAction","target":["https:\/\/www.drorlej.com\/mddr-jana-bruna\/"]}]},{"@type":"ImageObject","inLanguage":"cs","@id":"https:\/\/www.drorlej.com\/mddr-jana-bruna\/#primaryimage","url":"https:\/\/www.drorlej.com\/wp-content\/uploads\/2024\/02\/uGguBWuVDI.jpg","contentUrl":"https:\/\/www.drorlej.com\/wp-content\/uploads\/2024\/02\/uGguBWuVDI.jpg"},{"@type":"BreadcrumbList","@id":"https:\/\/www.drorlej.com\/mddr-jana-bruna\/#breadcrumb","itemListElement":[{"@type":"ListItem","position":1,"name":"Home","item":"https:\/\/www.drorlej.com\/"},{"@type":"ListItem","position":2,"name":"MDDr. Jana Bruna"}]},{"@type":"WebSite","@id":"https:\/\/www.drorlej.com\/#website","url":"https:\/\/www.drorlej.com\/","name":"Dr. Orlej","description":"","publisher":{"@id":"https:\/\/www.drorlej.com\/#organization"},"potentialAction":[{"@type":"SearchAction","target":{"@type":"EntryPoint","urlTemplate":"https:\/\/www.drorlej.com\/?s={search_term_string}"},"query-input":{"@type":"PropertyValueSpecification","valueRequired":true,"valueName":"search_term_string"}}],"inLanguage":"cs"},{"@type":"Organization","@id":"https:\/\/www.drorlej.com\/#organization","name":"Dr. Orlej","url":"https:\/\/www.drorlej.com\/","logo":{"@type":"ImageObject","inLanguage":"cs","@id":"https:\/\/www.drorlej.com\/#\/schema\/logo\/image\/","url":"https:\/\/www.drorlej.com\/wp-content\/uploads\/2024\/02\/111589283.png","contentUrl":"https:\/\/www.drorlej.com\/wp-content\/uploads\/2024\/02\/111589283.png","width":1320,"height":1000,"caption":"Dr. Orlej"},"image":{"@id":"https:\/\/www.drorlej.com\/#\/schema\/logo\/image\/"},"sameAs":["https:\/\/www.facebook.com\/drorlej","https:\/\/www.instagram.com\/dr.orlej\/"]}]}},"_links":{"self":[{"href":"https:\/\/www.drorlej.com\/cs\/wp-json\/wp\/v2\/pages\/929","targetHints":{"allow":["GET"]}}],"collection":[{"href":"https:\/\/www.drorlej.com\/cs\/wp-json\/wp\/v2\/pages"}],"about":[{"href":"https:\/\/www.drorlej.com\/cs\/wp-json\/wp\/v2\/types\/page"}],"author":[{"embeddable":true,"href":"https:\/\/www.drorlej.com\/cs\/wp-json\/wp\/v2\/users\/2"}],"replies":[{"embeddable":true,"href":"https:\/\/www.drorlej.com\/cs\/wp-json\/wp\/v2\/comments?post=929"}],"version-history":[{"count":6,"href":"https:\/\/www.drorlej.com\/cs\/wp-json\/wp\/v2\/pages\/929\/revisions"}],"predecessor-version":[{"id":1015,"href":"https:\/\/www.drorlej.com\/cs\/wp-json\/wp\/v2\/pages\/929\/revisions\/1015"}],"wp:attachment":[{"href":"https:\/\/www.drorlej.com\/cs\/wp-json\/wp\/v2\/media?parent=929"}],"curies":[{"name":"wp","href":"https:\/\/api.w.org\/{rel}","templated":true}]}}